{"id":277,"date":"2018-06-04T19:11:46","date_gmt":"2018-06-04T19:11:46","guid":{"rendered":"https:\/\/nau.edu\/music\/?page_id=277"},"modified":"2024-02-27T17:48:02","modified_gmt":"2024-02-28T00:48:02","slug":"piano-studies","status":"publish","type":"page","link":"https:\/\/in.nau.edu\/school-music\/performance-areas\/other-areas__trashed\/piano-studies\/","title":{"rendered":"Piano Studies"},"content":{"rendered":"<h1>Piano Studies<\/h1>\n<h2>Degrees<\/h2>\n<p>Students interested in piano studies have several degree options, including:<\/p>\n<ul>\n<li>Bachelor of Music in Performance<\/li>\n<li>Bachelor of Music Education, with emphases in either piano-choral or\u00a0piano-instrumental<\/li>\n<li>Bachelor of Arts<\/li>\n<li>Master of Music in Performance<\/li>\n<li>Master of Music in Collaborative\u00a0<span class=\"markfbb6if5p7\" data-markjs=\"true\" data-ogac=\"\" data-ogab=\"\" data-ogsc=\"\" data-ogsb=\"\">Piano<\/span><\/li>\n<\/ul>\n<p>For more information about our degree offerings, please see our <a href=\"https:\/\/in.nau.edu\/school-music\/degrees\/\">degrees page<\/a>.<\/p>\n<h2>Performance opportunities<\/h2>\n<p>The campus offers many performance opportunities, including weekly master classes, piano ensemble\/accompanying class, chamber music coaching and solo, studio recitals, and chamber music recitals. Opportunities to accompany singer and instrumentalists in lessons and recitals abound. The Orchestra Solo Competition is held annually and winners perform with the orchestra in concert.<\/p>\n<p>The vibrant performing arts scene at the university helps to enrich the student\u2019s musical growth. The Northern Arizona University Horizons Concert Series, Faculty Artist Series, and Flagstaff Symphony Orchestra present a myriad of prominent artists on campus, many of whom are then presented in master classes. Recent participating artists include pianists Andre Watts, Martin Katz, Jeffrey Swann, Enrique Graf, Paavali Jumppanen, Stanislav Ioudenitch, Olga Kern, Christopher Taylor, Francisco Alvarez, Marian Hahn, and Carolyn Bridger as well as mezzo-soprano Marilyn Horne, violinist Ani Kavafian, the Chicago String Quartet, and clarinetist Eddie Daniels.<\/p>\n<h2>Teaching opportunities<\/h2>\n<p>Students may gain valuable experience and financial remuneration through teaching in the NAU Community Music and Dance Academy.\u00a0 The School offers lessons to young children, non-music students and the Flagstaff community.<\/p>\n<h2>Auditions and scholarships<\/h2>\n<p>Auditions requirements for admission and scholarships are:<\/p>\n<ul>\n<li>3-4 memorized selections, including a work by Bach (or of Baroque period),<\/li>\n<li>Movement(s) of a classical sonata (Beethoven, Haydn, Mozart),<\/li>\n<li>Romantic and\/or Twentieth-Century work.<\/li>\n<li>4-octave scales and arpeggios played in a steady tempo with correct fingerings<\/li>\n<li>Sight-reading<\/li>\n<li>Scholarships are available for a limited number of qualified pianists by audition.<\/li>\n<\/ul>\n<h2>Faculty<\/h2>\n<p class=\"x_MsoNormal\"><a href=\"https:\/\/directory.nau.edu\/departments?id=10430&amp;person=sn674&amp;src=music\">Dr. Silvan Negrutiu<\/a>, Associate Professor of Piano, Director of Piano Studies<\/p>\n<p data-pm-slice=\"1 1 []\"><a href=\"https:\/\/directory.nau.edu\/departments?id=10430&amp;person=jrm2364&amp;src=music\">Jos\u00e9 Ram\u00f3n M\u00e9ndez<\/a>, Assistant Professor of Practice, piano<\/p>\n<p data-pm-slice=\"1 1 []\"><a href=\"https:\/\/directory.nau.edu\/departments?id=10430&amp;person=af2543&amp;src=music\">Dr. Aimee Fincher<\/a>, Assistant Professor of Practice, Collaborative Piano<\/p>\n<p><a href=\"https:\/\/directory.nau.edu\/departments?id=10430&amp;person=tl925&amp;src=music\">Tiantian Liang<\/a>, Assistant Teaching Professor, Piano Pedagogy and Class Piano<\/p>\n<p>&nbsp;<\/p>\n<p>Dr. Jeffrey Swann, President\u2019s Distinguished Artist in Residence<\/p>\n<p>&nbsp;<\/p>\n","protected":false},"excerpt":{"rendered":"<p>Piano Studies Degrees Students interested in piano studies have several degree options, including: Bachelor of Music in Performance Bachelor of Music Education, with emphases in either piano-choral or\u00a0piano-instrumental Bachelor of Arts Master of Music in Performance Master of Music in Collaborative\u00a0Piano For more information about our degree offerings, please see our degrees page. Performance opportunities [&hellip;]<\/p>\n","protected":false},"author":147,"featured_media":0,"parent":275,"menu_order":0,"comment_status":"closed","ping_status":"closed","template":"","meta":{"_relevanssi_hide_post":"","_relevanssi_hide_content":"","_relevanssi_pin_for_all":"","_relevanssi_pin_keywords":"","_relevanssi_unpin_keywords":"","_relevanssi_related_keywords":"","_relevanssi_related_include_ids":"","_relevanssi_related_exclude_ids":"","_relevanssi_related_no_append":"","_relevanssi_related_not_related":"","_relevanssi_related_posts":"","_relevanssi_noindex_reason":"","_oasis_is_in_workflow":0,"_oasis_original":0,"_oasis_task_priority":"","ring_central_script_selection":"","footnotes":""},"class_list":["post-277","page","type-page","status-publish","hentry"],"_links":{"self":[{"href":"https:\/\/in.nau.edu\/school-music\/wp-json\/wp\/v2\/pages\/277","targetHints":{"allow":["GET"]}}],"collection":[{"href":"https:\/\/in.nau.edu\/school-music\/wp-json\/wp\/v2\/pages"}],"about":[{"href":"https:\/\/in.nau.edu\/school-music\/wp-json\/wp\/v2\/types\/page"}],"author":[{"embeddable":true,"href":"https:\/\/in.nau.edu\/school-music\/wp-json\/wp\/v2\/users\/147"}],"replies":[{"embeddable":true,"href":"https:\/\/in.nau.edu\/school-music\/wp-json\/wp\/v2\/comments?post=277"}],"version-history":[{"count":7,"href":"https:\/\/in.nau.edu\/school-music\/wp-json\/wp\/v2\/pages\/277\/revisions"}],"predecessor-version":[{"id":4567,"href":"https:\/\/in.nau.edu\/school-music\/wp-json\/wp\/v2\/pages\/277\/revisions\/4567"}],"up":[{"embeddable":true,"href":"https:\/\/in.nau.edu\/school-music\/wp-json\/wp\/v2\/pages\/275"}],"wp:attachment":[{"href":"https:\/\/in.nau.edu\/school-music\/wp-json\/wp\/v2\/media?parent=277"}],"curies":[{"name":"wp","href":"https:\/\/api.w.org\/{rel}","templated":true}]}}