{"id":201,"date":"2018-06-03T21:40:26","date_gmt":"2018-06-03T21:40:26","guid":{"rendered":"https:\/\/nau.edu\/hrm\/?page_id=201"},"modified":"2024-02-26T21:55:37","modified_gmt":"2024-02-26T21:55:37","slug":"pathways","status":"publish","type":"page","link":"https:\/\/in.nau.edu\/school-hotel-restaurant-management\/experiential-learning\/pathways\/","title":{"rendered":"Pathways to Professional Leadership"},"content":{"rendered":"<div class=\"nau-block nau-block-left-nav-top-bound\">\n    \t<button id=\"left-nav-toggle-btn\" onclick=\"toggleNav();\">\n\t\tON THIS PAGE \n\t\t<i id=\"chevron-icon\" class=\"fas fa-solid fa-chevron-down\"><\/i>\n\t<\/button>\n\t<div id=\"left-nav-menu-track\">\n\t\t<div id=\"left-nav-wrapper\">\n\t\t\t<div class=\"rfi-above-anchor-tags\">\n\t\t\t\t<div class=\"ri-container\">\n\t\t\t\t\t<a href=\"https:\/\/nau.edu\/admissions\/request-information\/\" id=\"request-info\" class=\"btn bg-true-blue left-nav-menu-bottom-button display-mobile\">Request info&nbsp;&nbsp;<\/a>\t\t\t\t<\/div>\n\t\t\t<\/div>\n\t\t\t<div id=\"left-nav-menu\">\n\t\t\t\t<div class=\"menu-section menu-section-links\"><h6 class=\"hidden-mobile left-nav-list-header\">ON THIS PAGE<\/h6><ul class=\"left-nav-menu-list left-nav-automatic on-this-page\"><\/ul><div class=\"ri-container\"><a href=\"https:\/\/nau.edu\/admissions\/request-information\/\" id=\"request-info\" class=\"btn bg-true-blue left-nav-menu-bottom-button display-mobile\">Request info&nbsp;&nbsp;<\/a><\/div><\/div>\t\t\t\t\t\t\t\t<div class=\"menu-section backcolor\">\n\t\t\t\t\t<div class=\"header\">\n\t\t\t\t\t\tHOW CAN WE HELP?\t\t\t\t\t<\/div>\n\t\t\t\t\t<ul class=\"responsive-icons\">\n\t\t\t\t\t\t\t\t\t\t\t\t\t\t\t\t\t\t<li><a href=\"tel:928-523-1701\"><img decoding=\"async\" src=\"https:\/\/in.nau.edu\/wp-content\/themes\/nau-marketing-2021\/img\/icon-phone.svg\" alt=\"Telephone:\"> 928-523-1701<\/a>\n\t\t\t\t\t\t<\/li>\n\t\t\t\t\t\t\t\t\t\t\t\t<li><a href=\"mailto:shrm@nau.edu\"><img decoding=\"async\" src=\"https:\/\/in.nau.edu\/wp-content\/themes\/nau-marketing-2021\/img\/icon-email.svg\" alt=\"Email:\"><span class=\"left-nav-email\"> shrm&#8203;@nau.edu <\/span><\/a><\/li>\n\t\t\t\t\t<\/ul>\n\t\t\t\t<\/div>\n\t\t\t\t\t\t\n\t\t\t<\/div>\n\t\t<\/div>\n\t<\/div>\n<\/div>\n\n<section class=\"nau-block left-nav-section\"><header class=\"entry-header\"><div class=\"breadcrumb\"><ol class=\"breadcrumbs\"><li><a href=\"https:\/\/in.nau.edu\">IN<\/a><span class=\"breadcrumb-chevron\" aria-hidden=\"true\">&gt;<\/span><\/li><li><a href=\"https:\/\/in.nau.edu\/school-hotel-restaurant-management\">Hotel Restaurant Management<\/a><span class=\"breadcrumb-chevron\" aria-hidden=\"true\">&gt;<\/span><\/li><li class=\"current\">Pages<\/li><\/ol><\/div><h1 class=\"entry-title text-left \">Pathways to Professional Leadership<\/h1><hr class=\"h1-hr  text-left \" role=\"none\"><\/header><!-- .entry-header --><\/section><!-- <section class=\"nau-block left-nav-section grid-md-12\">\n    <header class=\"entry-header\">\n        <h1 class=\"entry-title text-left \" tabindex=\"0\" id=\"h1-first\">Dummy H1<\/h1>\n        <hr class=\"h1-hr  text-left \" role=\"none\">\n    <\/header>\n<\/section> -->\n\n<section class=\"nau-block left-nav-section grid-md-12\">\n    <div class=\"page-content\">\n        \n\n<h2 class=\"wp-block-heading\"><strong>Purpose<\/strong><\/h2>\n\n\n\n<p>HRM Pathways are seminars, discussions, and events designed to help our students build skills pertaining to academic success, development both professionally and personally, and to equip them with knowledge that will aid them in applying for and attaining management positions and\/or internship placement.<\/p>\n\n\n\n<h2 class=\"wp-block-heading\"><strong>Objectives<\/strong><\/h2>\n\n\n\n<ul class=\"wp-block-list\"><li>Academic Success\n<ul>\n<li>Improve study skills<\/li>\n<li>Teach students time management<\/li>\n<li>Teach students to take advantage of opportunities for academic success in our program\/at NAU<\/li>\n<\/ul>\n<\/li><li>Professional and Personal Development\n<ul>\n<li>Build and improve soft skills<\/li>\n<li>Create an environment where students learn the value of teamwork<\/li>\n<li>Strategic thinking and planning<\/li>\n<\/ul>\n<\/li><li>Job Placement\n<ul>\n<li>Sharpen interviewing and r\u00e9sum\u00e9 skills<\/li>\n<li>Help students learn the importance of appearance<\/li>\n<li>Give students knowledge about different aspects of the hospitality and restaurant management industry that will help them as they receive job placement in the future<\/li>\n<\/ul>\n<\/li><\/ul>\n\n\n\n<h2 class=\"wp-block-heading\"><strong>Requirements<\/strong><\/h2>\n\n\n\n<p>Students who are in the 2015-2016 Academic Catalog and beyond are required to complete 8 Pathway Events before graduation. Students who are in the Academic Catalogs before 2015-2016 are required to complete 6 Pathway Events before graduation.<\/p>\n\n\n\n<h2 class=\"wp-block-heading\">Upcoming Pathways<\/h2>\n\n\n\n<p>All upcoming pathway events are listed in the <a href=\"https:\/\/stage.wp.nau.edu\/franke-college-business\/franke-experience\/pathways-professional-leadership\/#dynamic-link-4\" target=\"_blank\" rel=\"noreferrer noopener\">Suitable application<\/a> under activities.<\/p>\n\n\n\n<h2 class=\"wp-block-heading\"><strong>Past Pathway Events<\/strong><\/h2>\n\n\n\n<ul class=\"wp-block-list\"><li><strong>Club Night<\/strong>: An event designed to encourage our students to become active members in &nbsp;HRM Clubs (students hear a 15 minute presentation about a club they are interested in joining)<\/li><li><strong>R\u00e9sum\u00e9 Review<\/strong>: Hosted by the Gateway Student Success Center, this event was created to help students sharpen their r\u00e9sum\u00e9s, organize the content on their r\u00e9sum\u00e9s, and create a professional looking r\u00e9sum\u00e9 in preparation for the HRM Career Fair<\/li><li><strong>NYPD Pizza Pathway<\/strong>: an event devoted to helping students who are interested in restaurant management learn about leadership in the restaurant industry; day included lunch, a tour of the restaurant, and a one-on-one session with Rich Stark<\/li><li><strong>Darden Pathway<\/strong>: A discussion where the recruiters from Darden Restaurants discussed appropriate dress and interviewing tips in preparation for the HRM Career Fair<\/li><\/ul>\n\n\n    <\/div>\n<\/section>","protected":false},"excerpt":{"rendered":"","protected":false},"author":645,"featured_media":5310,"parent":300,"menu_order":0,"comment_status":"closed","ping_status":"closed","template":"","meta":{"_acf_changed":false,"_relevanssi_hide_post":"","_relevanssi_hide_content":"","_relevanssi_pin_for_all":"","_relevanssi_pin_keywords":"","_relevanssi_unpin_keywords":"","_relevanssi_related_keywords":"","_relevanssi_related_include_ids":"","_relevanssi_related_exclude_ids":"","_relevanssi_related_no_append":"","_relevanssi_related_not_related":"","_relevanssi_related_posts":"","_relevanssi_noindex_reason":"","_oasis_is_in_workflow":0,"_oasis_original":0,"_oasis_task_priority":"","ring_central_script_selection":"","footnotes":""},"class_list":["post-201","page","type-page","status-publish","has-post-thumbnail","hentry"],"acf":[],"_links":{"self":[{"href":"https:\/\/in.nau.edu\/school-hotel-restaurant-management\/wp-json\/wp\/v2\/pages\/201","targetHints":{"allow":["GET"]}}],"collection":[{"href":"https:\/\/in.nau.edu\/school-hotel-restaurant-management\/wp-json\/wp\/v2\/pages"}],"about":[{"href":"https:\/\/in.nau.edu\/school-hotel-restaurant-management\/wp-json\/wp\/v2\/types\/page"}],"author":[{"embeddable":true,"href":"https:\/\/in.nau.edu\/school-hotel-restaurant-management\/wp-json\/wp\/v2\/users\/645"}],"replies":[{"embeddable":true,"href":"https:\/\/in.nau.edu\/school-hotel-restaurant-management\/wp-json\/wp\/v2\/comments?post=201"}],"version-history":[{"count":15,"href":"https:\/\/in.nau.edu\/school-hotel-restaurant-management\/wp-json\/wp\/v2\/pages\/201\/revisions"}],"predecessor-version":[{"id":5325,"href":"https:\/\/in.nau.edu\/school-hotel-restaurant-management\/wp-json\/wp\/v2\/pages\/201\/revisions\/5325"}],"up":[{"embeddable":true,"href":"https:\/\/in.nau.edu\/school-hotel-restaurant-management\/wp-json\/wp\/v2\/pages\/300"}],"wp:featuredmedia":[{"embeddable":true,"href":"https:\/\/in.nau.edu\/school-hotel-restaurant-management\/wp-json\/wp\/v2\/media\/5310"}],"wp:attachment":[{"href":"https:\/\/in.nau.edu\/school-hotel-restaurant-management\/wp-json\/wp\/v2\/media?parent=201"}],"curies":[{"name":"wp","href":"https:\/\/api.w.org\/{rel}","templated":true}]}}