{"id":2219,"date":"2018-06-22T21:41:42","date_gmt":"2018-06-22T21:41:42","guid":{"rendered":"https:\/\/nau.edu\/forestry\/?page_id=2219"},"modified":"2020-04-01T17:20:51","modified_gmt":"2020-04-01T17:20:51","slug":"peter-z-fule-ph-d","status":"publish","type":"page","link":"https:\/\/in.nau.edu\/school-forestry\/peter-z-fule-ph-d\/","title":{"rendered":"Peter Z. Ful\u00e9, Ph.D."},"content":{"rendered":"<h1>Peter Z. Ful\u00e9, Ph.D.<\/h1>\n<h2>Professor Ful\u00e9 inspires students in NAU forestry programs<\/h2>\n<p>Find out about the School of Forestry&#8217;s Dr. Ful\u00e9, including his background and research interests.<\/p>\n<h3>Research interests<\/h3>\n<p>Ecological restoration, fire ecology, Cordilleran forest ecology (southwest U.S., northern Mexico)<\/p>\n<p>Overuse of natural resources, fire exclusion, and other human-caused forms of environmental degradation threaten the sustainability of forest ecosystems. Uncharacteristically severe wildfires, pathogen outbreaks, and exotic species invasions are signs of ecological damage in frequent-fire-adapted forests of western North America. Working with colleagues at Northern Arizona University&#8217;s School of Forestry and Ecological Restoration Institute, our research focuses on four areas:<\/p>\n<ol>\n<li>Measuring the extent and characteristics of ecological degradation, including changes in forest structure, plant communities, fire behavior, and habitat components.<\/li>\n<li>Studying relict sites where recent anthropogenic degradation is minimal, such as remote plateaus in Grand Canyon National Park and isolated sites in northern Mexico.<\/li>\n<li>Experimentation in alternative methods of restoring natural structure, function, and process to western long-needled pine forests.<\/li>\n<li>Modeling of vegetation change and fire behavior and effects across stands and landscapes.<\/li>\n<\/ol>\n<h3>Dr. Ful\u00e9&#8217;s Laboratory<\/h3>\n<p><a href=\"https:\/\/forestfireclimate.weebly.com\/\" target=\"_blank\" rel=\"noopener noreferrer\">Fire, Climate, and Forests Lab<\/a><\/p>\n<h3>Education<\/h3>\n<p>B.A., Vassar College, 1986<br \/>\nM.S., Northern Arizona University, 1990<br \/>\nPh.D., Northern Arizona University, 1996<\/p>\n<h3>Contact information<\/h3>\n<p>Office: Building 82 &#8211; Room 246C<br \/>\nPhone: <a href=\"tel:9285231463\">928.523.1463<\/a><br \/>\nEmail:\u00a0<a href=\"mailto:Pete.Fule@nau.edu\">Pete.Fule@nau.edu<\/a><\/p>\n<h3>Selected publications<\/h3>\n<p>Publications are listed at\u00a0<a href=\"http:\/\/scholar.google.com\/citations?sortby=pubdate&amp;hl=en&amp;user=pl60g6IAAAAJ&amp;view_op=list_works\" target=\"_blank\" rel=\"noopener noreferrer\">Google Scholar<\/a>.<\/p>\n","protected":false},"excerpt":{"rendered":"<p>Peter Z. Ful\u00e9, Ph.D. Professor Ful\u00e9 inspires students in NAU forestry programs Find out about the School of Forestry&#8217;s Dr. Ful\u00e9, including his background and research interests. Research interests Ecological restoration, fire ecology, Cordilleran forest ecology (southwest U.S., northern Mexico) Overuse of natural resources, fire exclusion, and other human-caused forms of environmental degradation threaten the [&hellip;]<\/p>\n","protected":false},"author":84,"featured_media":0,"parent":0,"menu_order":0,"comment_status":"closed","ping_status":"closed","template":"","meta":{"_relevanssi_hide_post":"","_relevanssi_hide_content":"","_relevanssi_pin_for_all":"","_relevanssi_pin_keywords":"","_relevanssi_unpin_keywords":"","_relevanssi_related_keywords":"","_relevanssi_related_include_ids":"","_relevanssi_related_exclude_ids":"","_relevanssi_related_no_append":"","_relevanssi_related_not_related":"","_relevanssi_related_posts":"","_relevanssi_noindex_reason":"","ring_central_script_selection":"","footnotes":""},"class_list":["post-2219","page","type-page","status-publish","hentry"],"_links":{"self":[{"href":"https:\/\/in.nau.edu\/school-forestry\/wp-json\/wp\/v2\/pages\/2219","targetHints":{"allow":["GET"]}}],"collection":[{"href":"https:\/\/in.nau.edu\/school-forestry\/wp-json\/wp\/v2\/pages"}],"about":[{"href":"https:\/\/in.nau.edu\/school-forestry\/wp-json\/wp\/v2\/types\/page"}],"author":[{"embeddable":true,"href":"https:\/\/in.nau.edu\/school-forestry\/wp-json\/wp\/v2\/users\/84"}],"replies":[{"embeddable":true,"href":"https:\/\/in.nau.edu\/school-forestry\/wp-json\/wp\/v2\/comments?post=2219"}],"version-history":[{"count":4,"href":"https:\/\/in.nau.edu\/school-forestry\/wp-json\/wp\/v2\/pages\/2219\/revisions"}],"predecessor-version":[{"id":4099,"href":"https:\/\/in.nau.edu\/school-forestry\/wp-json\/wp\/v2\/pages\/2219\/revisions\/4099"}],"wp:attachment":[{"href":"https:\/\/in.nau.edu\/school-forestry\/wp-json\/wp\/v2\/media?parent=2219"}],"curies":[{"name":"wp","href":"https:\/\/api.w.org\/{rel}","templated":true}]}}