{"id":10,"date":"2018-08-23T17:53:41","date_gmt":"2018-08-23T17:53:41","guid":{"rendered":"https:\/\/vendor.hub.wp.nau.edu\/native-american-cultural-center\/commitment\/"},"modified":"2024-10-31T21:50:56","modified_gmt":"2024-10-31T21:50:56","slug":"elders","status":"publish","type":"page","link":"https:\/\/in.nau.edu\/native-american-cultural-center\/elders\/","title":{"rendered":"CNAIF Elders Program"},"content":{"rendered":"<h1>CNAIF\u00a0Elders Program<\/h1>\n<p>The Elder Program is new to the Center for Native American and Indigenous Futures (CNAIF). However, this program was previously housed in the <a href=\"https:\/\/nau.edu\/sbs\/ais\/\">Applied Indigenous Studies<\/a> Department until Fall 2016 and was known as the Traditional Knowledge Scholar program. This program has been an essential component to support NAU&#8217;s mission to serve Native American students and increase retention efforts. Placing Elder Cultural Advisors in one-on-one contact with students maintains cultural continuity, offers traditional knowledge teachings on campus and in the community about lifeways and indigenous philosophies, and balances Native cultural traditions with university life. The Elders do not hold faculty positions and are funded through private gifts and grants.<\/p>\n<p>The Elders are centered on meeting and mentoring students, and by helping them find solutions to individual problems by offering cultural and spiritual support. Other areas that the Elder Cultural Advisors assist with include giving presentations to NAU staff, faculty and students in a variety of formats and assisting students with off-campus referrals for spiritual and cultural needs and contributing to recruitment and retention efforts.<\/p>\n<p>The Elders are in the Center for Native American and Indigenous Futures (CNAIF). Elders are involved in outreach, research, and other activities with the local Flagstaff and neighboring tribal communities. The Elders provide a lecture series every semester, check the <a href=\"https:\/\/in.nau.edu\/native-american-cultural-center\/events\/\">CNAIF Events<\/a> page for the dates of the Learning from Our Elders Lecture Series.<\/p>\n<h3>AY 2023 &#8211; 2024 CNAIF Elders<\/h3>\n<h4>Elder Viki Blackgoat<\/h4>\n<p><a href=\"https:\/\/in.nau.edu\/wp-content\/uploads\/sites\/14\/2022\/09\/1176_vivian_blackgoat_20220823.jpg\"><img decoding=\"async\" class=\"wp-image-773 size-portrait-image-sm\" src=\"https:\/\/in.nau.edu\/wp-content\/uploads\/sites\/14\/2022\/09\/1176_vivian_blackgoat_20220823-150x225.jpg\" alt=\"\" width=\"150\" height=\"225\" srcset=\"https:\/\/in.nau.edu\/wp-content\/uploads\/sites\/14\/2022\/09\/1176_vivian_blackgoat_20220823-150x225.jpg 150w, https:\/\/in.nau.edu\/wp-content\/uploads\/sites\/14\/2022\/09\/1176_vivian_blackgoat_20220823-200x300.jpg 200w, https:\/\/in.nau.edu\/wp-content\/uploads\/sites\/14\/2022\/09\/1176_vivian_blackgoat_20220823-300x450.jpg 300w, https:\/\/in.nau.edu\/wp-content\/uploads\/sites\/14\/2022\/09\/1176_vivian_blackgoat_20220823-400x600.jpg 400w, https:\/\/in.nau.edu\/wp-content\/uploads\/sites\/14\/2022\/09\/1176_vivian_blackgoat_20220823.jpg 480w\" sizes=\"(max-width: 150px) 100vw, 150px\" \/><\/a><!-- shortcode-image-caption -->\n<span class=\"shortcode-image-caption shortcode-image-caption--left\">\n        <span class=\"shortcode-image-caption__container\">\n                <span class=\"shortcode-image-caption__caption\">\n            <span>\nCNAIF Elder Viki Blackgoat\n<\/span>\n        <\/span>\n                \n    <\/span>\n    <\/span>\n<\/p>\n<p class=\"_04xlpA direction-ltr align-start para-style-title\"><span class=\"JsGRdQ\">Ya\u2019at\u2019eeh, sh\u00ed ei Viki Blackgoat daashijin\u00ed\u00ed.\u00a0<\/span><span class=\"JsGRdQ\">Todichinii nish\u0142iigo Tlizi\u0142ani bashishchiin.\u00a0<\/span><span class=\"JsGRdQ\">Ashihi dashicheii d\u00f3 Tsenijikinii dashinali.\u00a0<\/span><span class=\"JsGRdQ\">Dii ko\u2019tego Din\u00e9 asdzaan nish\u0142ii.<\/span><\/p>\n<p class=\"_04xlpA direction-ltr align-start para-style-title\"><span class=\"JsGRdQ\">I was raised on Black Mesa in an area known as Big Mountain (Dzi\u0142 ni\u2019tsa). Within my immediate birth family unit I am the youngest of six children, sister to three surviving siblings, mother to three children, aunt to fifteen nieces\/nephews, and a grandmother to three grandchildren; and a \u201csmall\u201d grandma to about twenty-six grandnieces\/grandnephews, AND great-aunt to three.<\/span><\/p>\n<p class=\"_04xlpA direction-ltr align-start para-style-title\"><span class=\"JsGRdQ\">My primary interests include advocating for youth, elders and education, and holding strong traditional values and language, being a responsible relation within K\u2019\u00e9, and being a thoughtful steward for our natural world, the Earth. I currently serve as a board member of the Indigenous Circle of Flagstaff (ICF).<\/span><\/p>\n<p>Read more: <a href=\"https:\/\/nau.edu\/stories\/nau-elder-cultural-advisor-blackgoat\/\" target=\"_blank\" rel=\"noopener noreferrer\">CNAIF Elder Viki Blackgoat<\/a><\/p>\n<h2><\/h2>\n<h4>Elder LeRoy Shingoitewa<\/h4>\n<p><a href=\"https:\/\/in.nau.edu\/wp-content\/uploads\/sites\/14\/2022\/09\/0608_leroy_shingoitewa_20220823.jpg\"><img decoding=\"async\" class=\"size-portrait-image-sm wp-image-776\" src=\"https:\/\/in.nau.edu\/wp-content\/uploads\/sites\/14\/2022\/09\/0608_leroy_shingoitewa_20220823-150x225.jpg\" alt=\"\" width=\"150\" height=\"225\" srcset=\"https:\/\/in.nau.edu\/wp-content\/uploads\/sites\/14\/2022\/09\/0608_leroy_shingoitewa_20220823-150x225.jpg 150w, https:\/\/in.nau.edu\/wp-content\/uploads\/sites\/14\/2022\/09\/0608_leroy_shingoitewa_20220823-200x300.jpg 200w, https:\/\/in.nau.edu\/wp-content\/uploads\/sites\/14\/2022\/09\/0608_leroy_shingoitewa_20220823-300x450.jpg 300w, https:\/\/in.nau.edu\/wp-content\/uploads\/sites\/14\/2022\/09\/0608_leroy_shingoitewa_20220823-400x600.jpg 400w, https:\/\/in.nau.edu\/wp-content\/uploads\/sites\/14\/2022\/09\/0608_leroy_shingoitewa_20220823.jpg 480w\" sizes=\"(max-width: 150px) 100vw, 150px\" \/><\/a><!-- shortcode-image-caption -->\n<span class=\"shortcode-image-caption shortcode-image-caption--left\">\n        <span class=\"shortcode-image-caption__container\">\n                <span class=\"shortcode-image-caption__caption\">\n            <span>\nElder LeRoy Shingoitewa\n<\/span>\n        <\/span>\n                \n    <\/span>\n    <\/span>\n<\/p>\n<p>Hopi Tribe member\/Bear Clan.\u00a0Born in Keams Canyon, AZ<\/p>\n<p>Family: Mavis-Spouse\u00a0\u00a0 Children: Curtis Honanie, Eugene Honanie. Le Roy J. Shingoitewa, Michelle Shingoitewa, Kimberly Tom<\/p>\n<p>Home Residence: Moenkopi Village on the Hopi Reservation.<\/p>\n<p>Education: Northern Arizona University: 1969 BS-Sociology\/Police Science; 1972 Pennsylvania State University: Med-Educational Leadership; 1975-1979 Pennsylvania State University-Doctorial Studies in Educational Leadership<\/p>\n<p>Experience: 25 years in Educational Leadership; 25 years in Tribal\/Organizational Management.\u00a0Former Hopi Tribal Chairman 2009-2013;\u00a0 Hopi Tribal Councilman 2015-2019.\u00a0Principal of Tuba City High School\/Tuba City USD 1994-1999.\u00a0Principal of Lura Kinsey Elementary School\/Flagstaff Unified School District 1999-2007. Only Native American who has served as Principal in the City of Flagstaff Schools.\u00a0Served on Public School Board, BIE School Boards and 100-297 Tribal School Boards.\u00a0Served as President and Board of Director Member on the Native American for Community Action 2000-2005.\u00a0Was Awarded the \u201c676 Point of Lights Award\u201d by President George Bush in 1992 for Volunteerism.<br \/>\nRead more: <a href=\"https:\/\/nau.edu\/stories\/NAU-Elder-Cultural-Advisor-Shingoitewa\/\" target=\"_blank\" rel=\"noopener noreferrer\">CNAIF Elder LeRoy Shingoitewa<\/a><\/p>\n<h2><\/h2>\n<h4>Elder Albert Chase<\/h4>\n<p><img decoding=\"async\" class=\"alignleft size-portrait-image-sm wp-image-859\" src=\"https:\/\/in.nau.edu\/wp-content\/uploads\/sites\/14\/2023\/11\/chase_albert_20231009_3467-150x225.jpg\" alt=\"Albert Chase\" width=\"150\" height=\"225\" srcset=\"https:\/\/in.nau.edu\/wp-content\/uploads\/sites\/14\/2023\/11\/chase_albert_20231009_3467-150x225.jpg 150w, https:\/\/in.nau.edu\/wp-content\/uploads\/sites\/14\/2023\/11\/chase_albert_20231009_3467-200x300.jpg 200w, https:\/\/in.nau.edu\/wp-content\/uploads\/sites\/14\/2023\/11\/chase_albert_20231009_3467-683x1024.jpg 683w, https:\/\/in.nau.edu\/wp-content\/uploads\/sites\/14\/2023\/11\/chase_albert_20231009_3467-768x1151.jpg 768w, https:\/\/in.nau.edu\/wp-content\/uploads\/sites\/14\/2023\/11\/chase_albert_20231009_3467-1025x1536.jpg 1025w, https:\/\/in.nau.edu\/wp-content\/uploads\/sites\/14\/2023\/11\/chase_albert_20231009_3467-1366x2048.jpg 1366w, https:\/\/in.nau.edu\/wp-content\/uploads\/sites\/14\/2023\/11\/chase_albert_20231009_3467-300x450.jpg 300w, https:\/\/in.nau.edu\/wp-content\/uploads\/sites\/14\/2023\/11\/chase_albert_20231009_3467-400x600.jpg 400w, https:\/\/in.nau.edu\/wp-content\/uploads\/sites\/14\/2023\/11\/chase_albert_20231009_3467-scaled.jpg 1708w\" sizes=\"(max-width: 150px) 100vw, 150px\" \/><!-- shortcode-image-caption -->\n<span class=\"shortcode-image-caption shortcode-image-caption--left\">\n        <span class=\"shortcode-image-caption__container\">\n                <span class=\"shortcode-image-caption__caption\">\n            <span>\nElder Albert Chase\n<\/span>\n        <\/span>\n                \n    <\/span>\n    <\/span>\n<br \/>\nMy Clans are:<\/p>\n<p>Hona\u0301ghaanii nish\u0142i\u0328\u0301, One Who Walks Around in today\u2019s translation, but according to my grandmother, Hona\u0301ghanii nish\u0142i\u0328\u0301, is from the shoulder people, as stories tell we were made from shoulder of Changing Woman.<br \/>\nMe\u0301xico Dine\u2019e\u0301 ba\u0301shi\u0301shchi\u0301i\u0301n, People of Mexico, or people of the south. (Possibly the Aztecan people)<br \/>\nTxo\u0301ba\u0328a\u0328hi\u0301 dashicheii, Edge Water are my maternal grandfathers.<br \/>\nNaatxoohi\u0301 Dine\u0301\u2019e\u0301 dashina\u0301li\u0301 \u2013 Isleta Pueblo are my paternal grandfathers.<br \/>\nMy original place of home is where my hoghan ni\u0301mazi\u0301 exists.<\/p>\n<p>The place where my young mind developed and recognized as my first home and first language is called Dibe\u0301nji\u0301ga\u0328\u0301a\u0328\u0301h-Big Horn Sheep Mountain or \u0141i\u0328\u0301\u0328i\u0328\u0301\u2019 Ha\u0301de\u0301t\u2019i\u0328\u0328i\u0328h- Looking Horse. That is my original place and land that I come from. This is where I recognize sitting on dirt floors and eating with family, my elders and great-grandparents. This place is where I experienced the soft and warm beddings of sheep hide and the warmth of woven blankets. This place is where I heard the crackling of our fire pit in the center of our dwelling and saw the cloud of smoke rising to the sky through the smoke hole. This place is where I can hear grandmother carding her wool and spinning her wool while waiting for the coffee and food to finish. This place is where I could hear grandfather releasing the sheep for the day and hear the morning greetings of the flock and the ringing of their bell necklaces. This special place is embedded in me and is the driving sentimental force and blessings, which must be shared with our coming generations.<br \/>\nRead more: <a href=\"https:\/\/news.nau.edu\/albert-chase\/\" target=\"_blank\" rel=\"noopener noreferrer\">CNAIF Elder Albert Chase<\/a><\/p>\n<!-- shortcode-right-column -->\n<div class=\"shortcode-right-column\" >\n    <div class=\"shortcode-right-column__container\"><\/p>\n<p><!-- shortcode-block -->\n<div class=\"shortcode-block\">\n      <div class=\"block-header\">\n        <h3>Elder Q&amp;A<\/h3>\n    <\/div>\n          <div class=\"block-body\">\n      <div><\/p>\n<div><strong>Q.<\/strong> Can the Elders help me with cultural issues?<\/div>\n<div><strong>A.<\/strong> Yes they can!<\/div>\n<div><\/div>\n<div><strong>Q.<\/strong> How do I contact the Elders?<\/div>\n<div><strong>A.<\/strong> Send an email to <a id=\"menur12oi\" class=\"fui-Link ___1q1shib f2hkw1w f3rmtva f1ewtqcl fyind8e f1k6fduh f1w7gpdv fk6fouc fjoy568 figsok6 f1s184ao f1mk8lai fnbmjn9 f1o700av f13mvf36 f1cmlufx f9n3di6 f1ids18y f1tx3yz7 f1deo86v f1eh06m1 f1iescvh fhgqx19 f1olyrje f1p93eir f1nev41a f1h8hb77 f1lqvz6u f10aw75t fsle3fq f17ae5zn\" title=\"mailto:nau-cnaif@nau.edu\" href=\"mailto:NAU-CNAIF@nau.edu\" target=\"_blank\" rel=\"noreferrer noopener\" aria-label=\"Link NAU-CNAIF@nau.edu\">NAU-CNAIF@nau.edu<\/a> to schedule an appointment or to have them contact you.<\/div>\n<p><\/div>\n          <\/div>\n  <\/div>\n<\/div>\n<\/div>\n\n","protected":false},"excerpt":{"rendered":"<p>CNAIF\u00a0Elders Program The Elder Program is new to the Center for Native American and Indigenous Futures (CNAIF). However, this program was previously housed in the Applied Indigenous Studies Department until Fall 2016 and was known as the Traditional Knowledge Scholar program. This program has been an essential component to support NAU&#8217;s mission to serve Native [&hellip;]<\/p>\n","protected":false},"author":1,"featured_media":0,"parent":0,"menu_order":0,"comment_status":"closed","ping_status":"closed","template":"","meta":{"_relevanssi_hide_post":"","_relevanssi_hide_content":"","_relevanssi_pin_for_all":"","_relevanssi_pin_keywords":"","_relevanssi_unpin_keywords":"","_relevanssi_related_keywords":"","_relevanssi_related_include_ids":"","_relevanssi_related_exclude_ids":"","_relevanssi_related_no_append":"","_relevanssi_related_not_related":"","_relevanssi_related_posts":"","_relevanssi_noindex_reason":"","ring_central_script_selection":"","footnotes":""},"class_list":["post-10","page","type-page","status-publish","hentry"],"_links":{"self":[{"href":"https:\/\/in.nau.edu\/native-american-cultural-center\/wp-json\/wp\/v2\/pages\/10","targetHints":{"allow":["GET"]}}],"collection":[{"href":"https:\/\/in.nau.edu\/native-american-cultural-center\/wp-json\/wp\/v2\/pages"}],"about":[{"href":"https:\/\/in.nau.edu\/native-american-cultural-center\/wp-json\/wp\/v2\/types\/page"}],"author":[{"embeddable":true,"href":"https:\/\/in.nau.edu\/native-american-cultural-center\/wp-json\/wp\/v2\/users\/1"}],"replies":[{"embeddable":true,"href":"https:\/\/in.nau.edu\/native-american-cultural-center\/wp-json\/wp\/v2\/comments?post=10"}],"version-history":[{"count":0,"href":"https:\/\/in.nau.edu\/native-american-cultural-center\/wp-json\/wp\/v2\/pages\/10\/revisions"}],"wp:attachment":[{"href":"https:\/\/in.nau.edu\/native-american-cultural-center\/wp-json\/wp\/v2\/media?parent=10"}],"curies":[{"name":"wp","href":"https:\/\/api.w.org\/{rel}","templated":true}]}}