{"id":1493,"date":"2022-05-10T06:53:17","date_gmt":"2022-05-10T06:53:17","guid":{"rendered":"https:\/\/in.nau.edu\/ine\/?page_id=1493"},"modified":"2026-02-05T23:54:05","modified_gmt":"2026-02-05T23:54:05","slug":"what-is-ine","status":"publish","type":"page","link":"https:\/\/in.nau.edu\/institute-native-serving-educators\/","title":{"rendered":"Home Page"},"content":{"rendered":"<p>&nbsp;<\/p>\n<!-- shortcode-right-column -->\n<div class=\"shortcode-right-column\" >\n    <div class=\"shortcode-right-column__container\">\n<!-- shortcode-contact -->\n<div class=\"shortcode-contact\">\n    <div class=\"contact-header\">\n        <h3>All inquiries can be directed to the INE Director:<\/h3>\n    <\/div>\n    <div class=\"contact-body\">\n                <a href=\"mailto:NativeServingEducators@nau.edu\" aria-label=\"All inquiries can be directed to the INE Director:: Email Address\" title=\"Email Address\">\n            <div class=\"contact-icon-container\">\n                <i class=\"fas fa-envelope\" aria-hidden=\"true\"><\/i>\n                <span class=\"sr-only\">Email:<\/span>\n            <\/div>\n            <div class=\"contact-email\">NativeServingEducators&#8203;@nau.edu<\/div>\n        <\/a>\n                        <a href=\"tel:928-523-2507\" aria-label=\"All inquiries can be directed to the INE Director:: Telephone Number\" title=\"Telephone Number\">\n            <div class=\"contact-icon-container\">\n                <i class=\"fas fa-phone\" aria-hidden=\"true\"><\/i>\n                <span class=\"sr-only\">Call:<\/span>\n            <\/div>\n            <div class=\"contact-phone\">928-523-2507<\/div>\n        <\/a>\n            <\/div>\n<\/div>\n\n\n<\/div>\n<\/div>\n\n<p>&nbsp;<\/p>\n<h1 style=\"text-align: center\">Institute for Native-serving Educators (INE)<\/h1>\n<div style=\"text-align: center\">\n<p style=\"text-align: left\">The Institute for Native-serving Educators (INE) is a collaborative initiative to strengthen schools across Indian Country. Housed in NAU\u2019s Office of Native American and Indigenous Advancement (ONAIA), we partner with Native Nations, Indigenous-serving schools, and public school districts on and bordering reservation communities to develop professional development opportunities that meet community needs. We do not have a one-size-fits-all approach to professional development. Instead, we build a unique professional development experience based on the goals of the community and based on research and best practices in culturally responsive schooling.<\/p>\n<h2 style=\"text-align: left\"><strong>Our story<\/strong><\/h2>\n<p style=\"text-align: left\">A group of Navajo K12 teachers approached the Office of Native American and Indigenous Advancement (ONAIA) in 2016 to invite NAU to partner with them in building a professional development program modeled after the Yale National Initiative. This led to the development of a partnership between NAU and Navajo-serving schools, called the Din\u00e9 Institute for Navajo Nation Educators (DIN\u00c9). The first DIN\u00c9 cohort launched in 2018. From these first planning conversations, we envisioned one day expanding out to additional Native Nations. After securing a grant from the National Science Foundation that proposed this expansion, we launched the Institute for Native-serving Educators (INE) in 2021. The DIN\u00c9 is now one of many programs that fall under the INE.<\/p>\n<h2 style=\"text-align: left\">Our mission<\/h2>\n<p style=\"text-align: left\">The goal of INE is to reduce educational inequities impacting Indigenous youth and communities, and to be the premier preK-12 professional development institute of choice for Native Nations in the United States.<\/p>\n<p style=\"text-align: left\">By developing and supporting high quality, culturally responsive preK12 educators in Native-serving schools, we can address years of educational neglect and radically improve teaching and learning, thus preparing Indigenous students to thrive in higher education and beyond.<\/p>\n<h2 style=\"text-align: left\">2026 INE Professional Development Programs<\/h2>\n<\/div>\n<p>Applications are due <strong>February 20, 2026!<\/strong> <a href=\"http:\/\/in.nau.edu\/ine\/apply\" target=\"_blank\" rel=\"noopener\">2026 INE application information.<\/a><\/p>\n<div style=\"text-align: center\">\n<h3 style=\"text-align: left\">K-12 Teachers<\/h3>\n<h2 style=\"text-align: left\"><!-- shortcode-accordion -->\n<div class=\"shortcode-accordion shortcode-accordion--closed\" style=\"position: relative;\" >\n        <a class=\"shortcode-accordion__trigger\" data-header=\"Din\u00e9 Institute for Navajo Nation Educators (DIN\u00c9)_0\" href=\"#\">\n      <div class=\"shortcode-accordion__header\">\n          <h4>Din\u00e9 Institute for Navajo Nation Educators (DIN\u00c9) <span class=\"screen-reader-text\">Accordion Closed<\/span><\/h4>\n          <span class=\"shortcode-accordion__header__arrow\"><\/span>\n      <\/div>\n    <\/a>\n    <div class=\"shortcode-accordion__body\">\n        <!DOCTYPE html PUBLIC \"-\/\/W3C\/\/DTD HTML 4.0 Transitional\/\/EN\" \"http:\/\/www.w3.org\/TR\/REC-html40\/loose.dtd\">\n<html><body>\n<p style=\"text-align: left\">The Din&eacute; Institute for Navajo Nation Educators (DIN&Eacute;) is a partnership between Northern Arizona University and Navajo schools aimed at strengthening teaching in K-12 schools serving Din&eacute; and other Indigenous students. The DIN&Eacute; began with 9 teachers in 2018, and we have had approximately 85 teachers complete the program since then. In 2022, we have about 45 teachers participating in the DIN&Eacute;. Each teacher in the DIN&Eacute; writes a robust curriculum unit that we publish online so that other educators can access, adapt, and use them in their own classrooms. There is a clear need and interest in sustaining and growing this program in the coming years.<\/p>\n<p style=\"text-align: left\"><strong><a href=\"https:\/\/in.nau.edu\/ine\/dine\/\">Learn more about DIN&Eacute;<\/a><\/strong><\/p>\n<\/body><\/html>\n\n    <\/div>\n<\/div>\n<!-- shortcode-accordion -->\n<div class=\"shortcode-accordion shortcode-accordion--closed\" style=\"position: relative;\" >\n        <a class=\"shortcode-accordion__trigger\" data-header=\"Teacher Leadership Shi\u0142gozh\u00f3\u00f3 Institute (TLSI)_0\" href=\"#\">\n      <div class=\"shortcode-accordion__header\">\n          <h4>Teacher Leadership Shi\u0142gozh\u00f3\u00f3 Institute (TLSI) <span class=\"screen-reader-text\">Accordion Closed<\/span><\/h4>\n          <span class=\"shortcode-accordion__header__arrow\"><\/span>\n      <\/div>\n    <\/a>\n    <div class=\"shortcode-accordion__body\">\n        <!DOCTYPE html PUBLIC \"-\/\/W3C\/\/DTD HTML 4.0 Transitional\/\/EN\" \"http:\/\/www.w3.org\/TR\/REC-html40\/loose.dtd\">\n<html><body>\n<p style=\"text-align: left\">Modeled after the&nbsp;DIN&Eacute;, this partnership began with the San Carlos Unified School District and later opened up to include teachers in any Apache-serving school. This professional development program is focused on growing teachers&rsquo; content knowledge, ability to write culturally responsive curriculum, and leadership skills. This program began in 2022 with support from both the San Carlos Apache Nation and the San Carlos Unified School District.<\/p>\n<p style=\"text-align: left\"><strong><a href=\"https:\/\/in.nau.edu\/ine\/tlsi\/\">Learn more about TLSI<\/a><\/strong><\/p>\n<\/body><\/html>\n\n    <\/div>\n<\/div>\n<!-- shortcode-accordion -->\n<div class=\"shortcode-accordion shortcode-accordion--closed\" style=\"position: relative;\" >\n        <a class=\"shortcode-accordion__trigger\" data-header=\"Culturally Sustaining and Investigative STEM (CSIS)_0\" href=\"#\">\n      <div class=\"shortcode-accordion__header\">\n          <h4>Culturally Sustaining and Investigative STEM (CSIS) <span class=\"screen-reader-text\">Accordion Closed<\/span><\/h4>\n          <span class=\"shortcode-accordion__header__arrow\"><\/span>\n      <\/div>\n    <\/a>\n    <div class=\"shortcode-accordion__body\">\n        <!DOCTYPE html PUBLIC \"-\/\/W3C\/\/DTD HTML 4.0 Transitional\/\/EN\" \"http:\/\/www.w3.org\/TR\/REC-html40\/loose.dtd\">\n<html><body>\n<p style=\"text-align: left\"><span class=\"TextRun SCXW234756723 BCX0\" lang=\"EN-US\" xml:lang=\"EN-US\" data-contrast=\"auto\"><span class=\"NormalTextRun SCXW234756723 BCX0\">The Culturally Sustaining and Investigative STEM (CSIS)<\/span>&nbsp;<span class=\"NormalTextRun SCXW234756723 BCX0\">professional development program is focused on growing teachers&rsquo; content knowledge, ability to write culturally responsive curriculum, and leadership skills. Modeled after the<\/span><span class=\"NormalTextRun SCXW234756723 BCX0\">&nbsp;DIN&Eacute; and TLSI<\/span><span class=\"NormalTextRun SCXW234756723 BCX0\">, this&nbsp;<\/span><span class=\"NormalTextRun SCXW234756723 BCX0\">initiative<\/span>&nbsp;<span class=\"NormalTextRun SCXW234756723 BCX0\">started in&nbsp;<\/span><span class=\"NormalTextRun SCXW234756723 BCX0\">2023 when the Institute for Native-serving Educators met with several administrators from Hopi community schools expressing their desire to offer professional development opportunities for their educators.&nbsp;<\/span><\/span><\/p>\n<p style=\"text-align: left\"><a href=\"https:\/\/in.nau.edu\/ine\/culturally-sustaining-investigative-stem-csis\/\">Learn more about CSIS<\/a><\/p>\n<\/body><\/html>\n\n    <\/div>\n<\/div>\n\n<h3 style=\"text-align: left\">Preschool\/Headstart Teachers<\/h3>\n<p style=\"text-align: left\"><!-- shortcode-accordion -->\n<div class=\"shortcode-accordion shortcode-accordion--closed\" style=\"position: relative;\" >\n        <a class=\"shortcode-accordion__trigger\" data-header=\"Indigenous Early Childhood Educators (IECE)_0\" href=\"#\">\n      <div class=\"shortcode-accordion__header\">\n          <h4>Indigenous Early Childhood Educators (IECE) <span class=\"screen-reader-text\">Accordion Closed<\/span><\/h4>\n          <span class=\"shortcode-accordion__header__arrow\"><\/span>\n      <\/div>\n    <\/a>\n    <div class=\"shortcode-accordion__body\">\n        <!DOCTYPE html PUBLIC \"-\/\/W3C\/\/DTD HTML 4.0 Transitional\/\/EN\" \"http:\/\/www.w3.org\/TR\/REC-html40\/loose.dtd\">\n<html><body>\n<p style=\"text-align: left\">Building on the&nbsp;DIN&Eacute;&nbsp;model, and leveraging financial support from a Kellogg Foundation grant, INE partnered with the College of Education to launch a new professional development institute in 2021 specifically targeted to preschool teachers. The inaugural 2021 cohort included 8 preschool teachers from Hopi, Navajo, Salt River, and Gila River. The goal is to support these teachers in learning culturally responsive approaches to early childhood teaching and learning. Similar to the DIN&Eacute;, each teacher writes a curriculum unit that is published online for broad accessibility. In 2022, we have about 15 teachers participating in the IECE.<\/p>\n<p style=\"text-align: left\"><strong><a href=\"https:\/\/in.nau.edu\/ine\/iece\/\">Learn more about IECE<\/a><\/strong><\/p>\n<\/body><\/html>\n\n    <\/div>\n<\/div>\n\n<\/div>\n<h3>K-12 School Leaders<\/h3>\n<p style=\"text-align: left\"><!-- shortcode-accordion -->\n<div class=\"shortcode-accordion shortcode-accordion--closed\" style=\"position: relative;\" >\n        <a class=\"shortcode-accordion__trigger\" data-header=\"Indian Country School Leadership Institute (ICSLI)_0\" href=\"#\">\n      <div class=\"shortcode-accordion__header\">\n          <h4>Indian Country School Leadership Institute (ICSLI) <span class=\"screen-reader-text\">Accordion Closed<\/span><\/h4>\n          <span class=\"shortcode-accordion__header__arrow\"><\/span>\n      <\/div>\n    <\/a>\n    <div class=\"shortcode-accordion__body\">\n        <!DOCTYPE html PUBLIC \"-\/\/W3C\/\/DTD HTML 4.0 Transitional\/\/EN\" \"http:\/\/www.w3.org\/TR\/REC-html40\/loose.dtd\">\n<html><body>\n<p style=\"text-align: left\">School leadership is a critical component of an effective school, district, and community. The Indian Country School Leadership Institute (ICSLI) is designed to help build capacity amongst school and district leaders serving Indigenous communities. The ICSLI program will help school and district leaders develop and enhance leadership skill sets to effectively work with Indigenous students, staff, leaders, and community members.<\/p>\n<p style=\"text-align: left\"><strong><a href=\"https:\/\/in.nau.edu\/ine\/icsli\/\">Learn more about ICSLI<\/a><\/strong><\/p>\n<\/body><\/html>\n\n    <\/div>\n<\/div>\n\n<div style=\"text-align: center\">\n<h3 style=\"text-align: left\">School Counselors<\/h3>\n<p style=\"text-align: left\"><!-- shortcode-accordion -->\n<div class=\"shortcode-accordion shortcode-accordion--closed\" style=\"position: relative;\" >\n        <a class=\"shortcode-accordion__trigger\" data-header=\"Indian Country School Counselors Institute (ICSCI)_0\" href=\"#\">\n      <div class=\"shortcode-accordion__header\">\n          <h4>Indian Country School Counselors Institute (ICSCI) <span class=\"screen-reader-text\">Accordion Closed<\/span><\/h4>\n          <span class=\"shortcode-accordion__header__arrow\"><\/span>\n      <\/div>\n    <\/a>\n    <div class=\"shortcode-accordion__body\">\n        <!DOCTYPE html PUBLIC \"-\/\/W3C\/\/DTD HTML 4.0 Transitional\/\/EN\" \"http:\/\/www.w3.org\/TR\/REC-html40\/loose.dtd\">\n<html><body>\n<p style=\"text-align: left\">This is an 8-month professional development institute for School Counselors to grow their capacity and effectiveness in working with Indigenous students. Members of the ICSCI cohort will build their capacity to support student wellbeing and success in culturally responsive ways. The program culminates with each cohort member writing a guidance curriculum unit on a topic of their choosing, which they can use in their schools and which is published online as a resource for others. This program began in 2022 with about 18 participating School Counselors.<\/p>\n<p style=\"text-align: left\"><strong><a href=\"https:\/\/in.nau.edu\/ine\/icsci\/\">Learn more about ICSCI<\/a><\/strong><\/p>\n<\/body><\/html>\n\n    <\/div>\n<\/div>\n\n<h3 style=\"text-align: left\">INE Partnerships<\/h3>\n<p style=\"text-align: left\"><!-- shortcode-accordion -->\n<div class=\"shortcode-accordion shortcode-accordion--closed\" style=\"position: relative;\" >\n        <a class=\"shortcode-accordion__trigger\" data-header=\"NEH-funded Teacher Institute: Indigenous Histories of the U.S.-Mexico Borderlands_0\" href=\"#\">\n      <div class=\"shortcode-accordion__header\">\n          <h4>NEH-funded Teacher Institute: Indigenous Histories of the U.S.-Mexico Borderlands <span class=\"screen-reader-text\">Accordion Closed<\/span><\/h4>\n          <span class=\"shortcode-accordion__header__arrow\"><\/span>\n      <\/div>\n    <\/a>\n    <div class=\"shortcode-accordion__body\">\n        <!DOCTYPE html PUBLIC \"-\/\/W3C\/\/DTD HTML 4.0 Transitional\/\/EN\" \"http:\/\/www.w3.org\/TR\/REC-html40\/loose.dtd\">\n<html><body>\n<p style=\"text-align: left\"><span style=\"font-weight: 400\">The NAU <\/span><a href=\"https:\/\/nau.edu\/history-department\/\"><span style=\"font-weight: 400\">Department of History<\/span><\/a><span style=\"font-weight: 400\"> and <\/span><a href=\"https:\/\/in.nau.edu\/ine\/\"><span style=\"font-weight: 400\">Institute for Native-serving Educators (INE)<\/span><\/a><span style=\"font-weight: 400\"> are proud to host the NEH-funded Teacher Institute <\/span><i><span style=\"font-weight: 400\">Indigenous Histories of the U.S.-Mexico Borderlands<\/span><\/i><span style=\"font-weight: 400\">.&nbsp;<\/span><\/p>\n<p><span style=\"font-weight: 400\">Week 1 (online): July 7-10, 2025<\/span><\/p>\n<p><span style=\"font-weight: 400\">Week 2 (NAU Mountain Campus, Flagstaff, Arizona): July 21-26, 2025<\/span><\/p>\n<p style=\"text-align: left\"><span style=\"font-weight: 400\">Twenty-five educators from across the nation will learn with leading historians specializing in borderlands and Native American history, tribal members, and experts in culturally sustaining pedagogy. Participants will explore primary source materials and collections from the Museum of Northern Arizona, visit significant historic and cultural sites such as Montezuma&rsquo;s Well, Sunset Crater, and Wupatki National Monuments, and spend a day in Tuba City on the Navajo Nation.<\/span><\/p>\n<p style=\"text-align: left\"><span style=\"font-weight: 400\">The two-week institute will delve into the histories of Indigenous communities throughout the American Southwest and Mexico, spanning from the 11th century to the present. Participants will engage with the histories of various groups, including the Navajo (Din&eacute;), Hopi, San Carlos Apache, Yavapai-Apache, Yaqui, Tohono O&rsquo;odham, Pueblo, Sinagua, Hualapai, Havasupai, and Mayo peoples, among others. <\/span><span style=\"font-weight: 400\">Ultimately, this program will empower teachers with the knowledge and skills necessary to prioritize Indigenous histories, themes, and ways of knowing in their middle and high school U.S. and World History classrooms.<\/span><\/p>\n<p style=\"text-align: left\"><span style=\"font-weight: 400\">Applications open December 8th, 2024 and close March 5, 2025. Click <\/span><span style=\"font-weight: 400\">here<\/span><span style=\"font-weight: 400\"> for more information about how to apply! All applicants receive a $2,200 stipend to attend.<\/span><\/p>\n<p style=\"text-align: left\"><span style=\"font-weight: 400\">Any views, findings, conclusions, or recommendations expressed in this program do not necessarily represent those of the National Endowment for the Humanities.<\/span><\/p>\n<p style=\"text-align: left\"><span style=\"font-weight: 400\">The <\/span><i><span style=\"font-weight: 400\">Indigenous Histories of the U.S.-Mexico Borderlands<\/span><\/i><span style=\"font-weight: 400\"> K-12 Teacher Institute has been made possible in part by a major grant from the National Endowment for the Humanities: Democracy demands wisdom.<\/span><\/p>\n\n<p><a href=\"https:\/\/in.nau.edu\/ine\/indigenous-histories-of-the-u-s-mexico-borderlands\/\">Learn more about NEH-funded Teacher Institute<\/a><\/p>\n<\/body><\/html>\n\n    <\/div>\n<\/div>\n\n<p>Would you like to stay up-to-date on all things related to the Institute for Native-serving Educators? If so, please subscribe to our email list! We will periodically send out updates and announcements through this system. <a href=\"https:\/\/forms.gle\/asehRWM5i5cfMDjm6\">Click here to subscribe to INE&#8217;s email list<\/a>.<\/p>\n<div style=\"text-align: center\">\n<h5 style=\"text-align: left\">NAU\u2019s <a href=\"https:\/\/in.nau.edu\/onai\/\">Office of Native American and Indigenous Advancement<\/a> will be the home for all of our efforts that aim to strengthen schooling across Indian Country through INE. If you are interested in developing a partnership through INE, please email us at <a href=\"mailto:NativeServingEducators@nau.edu\" target=\"_blank\" rel=\"noopener noreferrer\">NativeServingEducators@nau.edu<\/a>!<\/h5>\n<p>&nbsp;<\/p>\n<!-- shortcode-button -->\n<div class=\"shortcode-button shortcode-button--center\">\n      <a class=\"main-button\" href=\"https:\/\/securelb.imodules.com\/s\/1898\/giving19\/form.aspx?sid=1898&gid=2&pgid=418&bledit=1&dids=3587\">Support INE<\/a>\n  <\/div>\n\n<p>&nbsp;<\/p>\n<\/div>\n","protected":false},"excerpt":{"rendered":"<p>&nbsp; &nbsp; Institute for Native-serving Educators (INE) The Institute for Native-serving Educators (INE) is a collaborative initiative to strengthen schools across Indian Country. Housed in NAU\u2019s Office of Native American and Indigenous Advancement (ONAIA), we partner with Native Nations, Indigenous-serving schools, and public school districts on and bordering reservation communities to develop professional development opportunities [&hellip;]<\/p>\n","protected":false},"author":1,"featured_media":2899,"parent":0,"menu_order":0,"comment_status":"closed","ping_status":"closed","template":"","meta":{"_relevanssi_hide_post":"","_relevanssi_hide_content":"","_relevanssi_pin_for_all":"","_relevanssi_pin_keywords":"","_relevanssi_unpin_keywords":"","_relevanssi_related_keywords":"","_relevanssi_related_include_ids":"","_relevanssi_related_exclude_ids":"","_relevanssi_related_no_append":"","_relevanssi_related_not_related":"","_relevanssi_related_posts":"","_relevanssi_noindex_reason":"","_oasis_is_in_workflow":0,"_oasis_original":0,"_oasis_task_priority":"","ring_central_script_selection":"","footnotes":""},"class_list":["post-1493","page","type-page","status-publish","has-post-thumbnail","hentry"],"_links":{"self":[{"href":"https:\/\/in.nau.edu\/institute-native-serving-educators\/wp-json\/wp\/v2\/pages\/1493","targetHints":{"allow":["GET"]}}],"collection":[{"href":"https:\/\/in.nau.edu\/institute-native-serving-educators\/wp-json\/wp\/v2\/pages"}],"about":[{"href":"https:\/\/in.nau.edu\/institute-native-serving-educators\/wp-json\/wp\/v2\/types\/page"}],"author":[{"embeddable":true,"href":"https:\/\/in.nau.edu\/institute-native-serving-educators\/wp-json\/wp\/v2\/users\/1"}],"replies":[{"embeddable":true,"href":"https:\/\/in.nau.edu\/institute-native-serving-educators\/wp-json\/wp\/v2\/comments?post=1493"}],"version-history":[{"count":64,"href":"https:\/\/in.nau.edu\/institute-native-serving-educators\/wp-json\/wp\/v2\/pages\/1493\/revisions"}],"predecessor-version":[{"id":4090,"href":"https:\/\/in.nau.edu\/institute-native-serving-educators\/wp-json\/wp\/v2\/pages\/1493\/revisions\/4090"}],"wp:featuredmedia":[{"embeddable":true,"href":"https:\/\/in.nau.edu\/institute-native-serving-educators\/wp-json\/wp\/v2\/media\/2899"}],"wp:attachment":[{"href":"https:\/\/in.nau.edu\/institute-native-serving-educators\/wp-json\/wp\/v2\/media?parent=1493"}],"curies":[{"name":"wp","href":"https:\/\/api.w.org\/{rel}","templated":true}]}}