{"id":82,"date":"2018-08-17T03:22:52","date_gmt":"2018-08-17T10:22:52","guid":{"rendered":"https:\/\/vendor.hub.wp.nau.edu\/icom8\/awards\/"},"modified":"2020-01-15T20:38:15","modified_gmt":"2020-01-15T20:38:15","slug":"awards","status":"publish","type":"page","link":"https:\/\/in.nau.edu\/icom8\/awards\/","title":{"rendered":"Awards"},"content":{"rendered":"<h1>Awards<\/h1>\n<p>Generous individuals and organizations active in mycorrhizal research have graciously provided the awards and prizes listed below to recognize outstanding student research. Conference organizers would like to thank them all for their commitment to encouraging students and helping to develop the next generation of mycorrhizal researchers!<\/p>\n<h2>J.L. Harley Medal<\/h2>\n<p><img decoding=\"async\" src=\"\/wp-content\/uploads\/sites\/105\/2018\/08\/New_Phytologist-logo-ek.jpg\" alt=\"New Phytologist logo_June 2015\" \/><\/p>\n<p><em>Given by:<\/em><strong> New Phytologist and International Mycorrhiza Society<\/strong><\/p>\n<p>The J.L. Harley Medal is to be awarded for the best paper presented by a graduate student.\u00a0The medal is also accompanied by prize money of \u00a3200 (GBP).<\/p>\n<!-- shortcode-accordion -->\n<div class=\"shortcode-accordion shortcode-accordion--closed\" style=\"position: relative;\" >\n        <a class=\"shortcode-accordion__trigger\" data-header=\"Award background_0\" href=\"#\">\n      <div class=\"shortcode-accordion__header\">\n          <h4>Award background <span class=\"screen-reader-text\">Accordion Closed<\/span><\/h4>\n          <span class=\"shortcode-accordion__header__arrow\"><\/span>\n      <\/div>\n    <\/a>\n    <div class=\"shortcode-accordion__body\">\n        <!DOCTYPE html PUBLIC \"-\/\/W3C\/\/DTD HTML 4.0 Transitional\/\/EN\" \"http:\/\/www.w3.org\/TR\/REC-html40\/loose.dtd\">\n<html><body>\n<div class=\"collapse\">\n<div>Mycorrhizal research has been marked by a number of pioneers whose activities encompassed the latter part of the 19th century and the early part of the 20th century. However, it was the publication in 1959 of the first edition of &lsquo;The Biology of Mycorrhiza&rsquo; that provided the turning point in the history of research in this field. This book by John Laker Harley was the first to bring mycorrhiza and mycorrhizal research to a wide audience.<\/div>\n<div><\/div>\n<div>Professor Harley was a first class scientist who used the most recent biochemical and physiological techniques (including radioactive tracers) to elucidate some of the functional mechanisms of ectomycorrhizas. His approaches, and those of his many students, were always imaginative and rigorous, and served to demonstrate the fundamental importance of the ectomycorrhizal symbiosis. As well as being an excellent experimental scientist, Professor Harley, always affectionately known by his friends and colleagues simply as &lsquo;Jack&rsquo;, was an outstanding communicator. His enthusiasm for ectomycorrhiza, and his lively lecturing style, stimulated a marked increase in research into other categories of mycorrhizas, including arbuscular and ericoid mycorrhizas, and brought mycorrhizas to the attention of ecologists and plant physiologists. His work set the stage for mycorrhizal research as we know it today and he was instrumental in the development of many scientific careers in this discipline around the world.<\/div>\n<div><\/div>\n<div>Jack&rsquo;s series of landmark papers on the physiology of ectomycorrhizas were published in New Phytologist starting in 1950, and from 1961 to 1983 he edited the journal, establishing its reputation as a home for top-quality mycorrhizal research.<\/div>\n<div><\/div>\n<div>Through creation of &lsquo;The New Phytologist Harley Medal&rsquo;, the International Mycorrhiza Society (IMS) and New Phytologist highlight John Laker Harley&rsquo;s career as a model for younger scientists to follow. The medal is awarded, at each International Conference on Mycorrhiza (ICOM), to the graduate student who is deemed to have presented a paper which best emulates the rigorous approaches to mycorrhizal research that Professor Harley pioneered during his lifetime. The medal is also accompanied by prize money of &pound;200 (GBP).<\/div>\n<div><\/div>\n<div>Any bona fide graduate student enrolled in an institution of higher learning or recently graduated (6 months before the first date of the international meeting) is eligible. An abstract must be submitted at the ICOM at which the student will compete for the Award.<\/div>\n<div><\/div>\n<div>Every effort will be made to ensure that each student in the competition has a fair evaluation and an equal chance of winning the award. Oral presentations will be evaluated by a panel of judges and the final choice of the winner will be decided by the IMS Awards Committee. The merit of each paper will be judged on the basis of scientific content (60%) and presentation (40%).<\/div>\n<\/div>\n<\/body><\/html>\n\n    <\/div>\n<\/div>\n\n<h2>Barbara Mosse &#8211; Laval Universit\u00e9 Prize<img decoding=\"async\" style=\"font-size: 16px;\" src=\"\/wp-content\/uploads\/sites\/105\/2018\/08\/ul_logo-ek.png\" alt=\"Laval Universit\u00e9 logo\" \/><\/h2>\n<p><em>Given by:<\/em><strong>Laboratoire de mycologie, Centre d\u2019\u00e9tude de la for\u00eat, Universit\u00e9 Laval<\/strong><\/p>\n<p>To be awarded to a graduate student as the <strong>first runner up for best oral presentation<\/strong> on any aspect of mycorrhiza research. The prize will consist of a certificate and 100$US.<\/p>\n<h2>International Mycorrhiza Society Prize<\/h2>\n<div><img decoding=\"async\" src=\"\/wp-content\/uploads\/sites\/105\/2018\/08\/logoims-bleu_sponsor-ek.jpg\" alt=\"International Mycorrhiza Society logo\" \/><\/div>\n<div><\/div>\n<div><em>Given by:<\/em><strong>International Mycorrhiza Society<\/strong><\/div>\n<div><\/div>\n<div>To be awarded to a graduate student as the <strong>second runner up for best oral presentation<\/strong>\u00a0on any aspect of mycorrhiza research. The prize will consist of a certificate and US $100.<\/div>\n<h2><strong>Mycorrhiza Prize<\/strong><\/h2>\n<p><img decoding=\"async\" src=\"\/wp-content\/uploads\/sites\/105\/2018\/08\/Springer_web-ek.jpg\" alt=\"Springer sponsor logo\" \/><\/p>\n<p>Given by: The Journal\u00a0<strong>Mycorrhiza\u00a0<\/strong>(published by Springer-Verlag GmbH)<\/p>\n<p>To be awarded for the <strong>best poster presentation<\/strong> by a graduate student on any aspect of mycorrhiza research. The prize will consist of a certificate and voucher for US $250 toward the <a href=\"http:\/\/www.springer.com\/\">purchase<\/a> of any book.<\/p>\n<h2>Larry Peterson Anatomy Prize<\/h2>\n<div><a title=\"\/uploadedImages\/Centers-Institutes\/Merriam-Powell\/ICOM8\/_Media\/Larry Perterson.jpg\" href=\"#\"><img decoding=\"async\" src=\"\/wp-content\/uploads\/sites\/105\/2018\/08\/thumb_Larry-Perterson-ek.jpg\" alt=\"\/uploadedImages\/Centers-Institutes\/Merriam-Powell\/ICOM8\/_Media\/Larry Perterson.jpg\" \/><\/a><\/div>\n<p><em>Given by: <\/em><strong>Larry Peterson<\/strong><\/p>\n<div>To be awarded to a graduate student for the\u00a0<strong>best poster presentation<\/strong>\u00a0on the structure of mycorrhizas . The prize will consist of a copy <em>Mycorrhizas: Anatomy and Cell Biology<\/em>, certificate, and \u00a0US $100.<\/div>\n<h2>Ultimate Mycorrhiza Application for Harnessing Agriculture Resources Integration (UMAHARI) Award<\/h2>\n<div><a title=\"\/uploadedImages\/Centers-Institutes\/Merriam-Powell\/ICOM8\/_Media\/Alok Adholeya.jpg\" href=\"#\"><img decoding=\"async\" src=\"\/wp-content\/uploads\/sites\/105\/2018\/08\/thumb_Alok-Adholeya-ek.jpg\" alt=\"\/uploadedImages\/Centers-Institutes\/Merriam-Powell\/ICOM8\/_Media\/Alok Adholeya.jpg\" \/><\/a><\/div>\n<div>\n<p><em>Given by: <\/em><strong>Alok Adholeya<\/strong><\/p>\n<div>\n<div>The participants of below 30 years are encouraged to nominate\/register themselves for this award constituted and enacted by Dr. Alok Adholeya in fond memories of his Father and Mother. Through this award a <strong>best poster<\/strong> and a <strong>best oral<\/strong> presenter will be selected by an independent jury. The young researchers who have worked in application research of mycorrhiza towards product or inoculants would be considered for these two awards. The award includes cash prize of $ 100 each besides a certificate and citation.<\/div>\n<\/div>\n<\/div>\n<h3><img decoding=\"async\" src=\"\/wp-content\/uploads\/sites\/105\/2018\/08\/logo_biosyneterra_transparent-cropped-ek.png\" alt=\"BioSyneterra Solutions Inc. logo\" \/><\/h3>\n<h2>BioSyneterra Prize<\/h2>\n<p>Given by: <strong>Peter Moutoglis, BioSyneterra Solutions, Inc.<\/strong><\/p>\n<div>To be awarded for the\u00a0<strong>best oral presentation<\/strong>\u00a0by a graduate student with emphasis on applied research and innovative\/industrial applications of mycorrhizas. The prize will consist of a certificate and US $100.<\/div>\n<p><!--script class=\"ektron-script\"&gt; if ($(\".catalog_script_placeholder\")[0]) { var scriptsLoaded = 0; $.getScript( \"\/\/catalog.nau.edu\/Catalog\/resources\/js\/jquery.catalogFrames.js\").done(function() { $.getScript( \"\/\/catalog.nau.edu\/Catalog\/resources\/js\/easyXDM.min.js\").done(function() { var placeholder = $(\".catalog_script_placeholder\"); var divId = placeholder.attr('divId'); var Program = placeholder.attr('Program'); var catalogFrameDisplayData = {}; catalogFrameDisplayData[placeholder.attr('DisplayType')] = true; var catalogFrameData = {}; catalogFrameData[\"display\"] = catalogFrameDisplayData; catalogFrameData[\"url\"] = \"https:\/\/catalog.nau.edu\"; catalogFrameData[\"plan\"] = Program; $(function setupCatalogWidget() { $(\"#\" + divId).catalogFrames(catalogFrameData); console.log(catalogFrameData); }); }); }); } &lt;\/script--><!-- shortcode-right-column -->\n<div class=\"shortcode-right-column\" >\n    <div class=\"shortcode-right-column__container\"><!-- shortcode-block -->\n<div class=\"shortcode-block\">\n      <div class=\"block-header\">\n        <h3>Connect with us...<\/h3>\n    <\/div>\n          <div class=\"block-body\">\n      <div><\/p>\n<ul>\n<li><i class=\"fab fa-facebook\"><\/i><a href=\"https:\/\/www.facebook.com\/ICOM8\">Facebook<\/a><\/li>\n<\/ul>\n<p><\/div>\n          <\/div>\n  <\/div>\n<\/div>\n<\/div>\n<\/p>\n","protected":false},"excerpt":{"rendered":"<p>Awards Generous individuals and organizations active in mycorrhizal research have graciously provided the awards and prizes listed below to recognize outstanding student research. Conference organizers would like to thank them all for their commitment to encouraging students and helping to develop the next generation of mycorrhizal researchers! J.L. Harley Medal Given by: New Phytologist and [&hellip;]<\/p>\n","protected":false},"author":1,"featured_media":0,"parent":0,"menu_order":0,"comment_status":"closed","ping_status":"closed","template":"","meta":{"_relevanssi_hide_post":"","_relevanssi_hide_content":"","_relevanssi_pin_for_all":"","_relevanssi_pin_keywords":"","_relevanssi_unpin_keywords":"","_relevanssi_related_keywords":"","_relevanssi_related_include_ids":"","_relevanssi_related_exclude_ids":"","_relevanssi_related_no_append":"","_relevanssi_related_not_related":"","_relevanssi_related_posts":"","_relevanssi_noindex_reason":"","ring_central_script_selection":"","footnotes":""},"class_list":["post-82","page","type-page","status-publish","hentry"],"_links":{"self":[{"href":"https:\/\/in.nau.edu\/icom8\/wp-json\/wp\/v2\/pages\/82","targetHints":{"allow":["GET"]}}],"collection":[{"href":"https:\/\/in.nau.edu\/icom8\/wp-json\/wp\/v2\/pages"}],"about":[{"href":"https:\/\/in.nau.edu\/icom8\/wp-json\/wp\/v2\/types\/page"}],"author":[{"embeddable":true,"href":"https:\/\/in.nau.edu\/icom8\/wp-json\/wp\/v2\/users\/1"}],"replies":[{"embeddable":true,"href":"https:\/\/in.nau.edu\/icom8\/wp-json\/wp\/v2\/comments?post=82"}],"version-history":[{"count":6,"href":"https:\/\/in.nau.edu\/icom8\/wp-json\/wp\/v2\/pages\/82\/revisions"}],"predecessor-version":[{"id":265,"href":"https:\/\/in.nau.edu\/icom8\/wp-json\/wp\/v2\/pages\/82\/revisions\/265"}],"wp:attachment":[{"href":"https:\/\/in.nau.edu\/icom8\/wp-json\/wp\/v2\/media?parent=82"}],"curies":[{"name":"wp","href":"https:\/\/api.w.org\/{rel}","templated":true}]}}