{"id":4103,"date":"2023-07-13T12:32:27","date_gmt":"2023-07-13T19:32:27","guid":{"rendered":"https:\/\/in.nau.edu\/gear-up\/?page_id=4103"},"modified":"2023-08-24T09:29:02","modified_gmt":"2023-08-24T16:29:02","slug":"azgu-family-college-visit-application-spanish","status":"publish","type":"page","link":"https:\/\/in.nau.edu\/gear-up\/azgu-family-college-visit-application-spanish\/","title":{"rendered":"AZGU Family College Visit Application Spanish"},"content":{"rendered":"<h2>Solicitud para el tour de la universidad para familias de Arizona GEAR UP<\/h2>\n<p><em>Would you like to see this page in English? <a href=\"https:\/\/in.nau.edu\/gear-up\/?page_id=4096&amp;preview=true\">Click here<\/a>.<\/em><\/p>\n<p>\u00a1Comparte tu historia de <a href=\"https:\/\/in.nau.edu\/gear-up\/\" target=\"_blank\" rel=\"noopener noreferrer\">GEAR UP<\/a> con nosotros! Buscamos estudiantes interesados en compartir sus aspiraciones universitarias y su experiencia con los educadores de GEAR UP de Arizona.<\/p>\n<p>\u00danete a nosotros en una visita a la Northern Arizona University los d\u00edas 6 y 7 de octubre de 2023. Los estudiantes y las familias de GEAR UP tendr\u00e1n la oportunidad de hacer un recorrido por el campus, observar una clase universitaria y tener tiempo para discutir preguntas sobre admisi\u00f3n y ayuda financiera.<\/p>\n<p>La visita a la universidad incluir\u00e1:<\/p>\n<ul>\n<li>Comidas para ti y tu familia en el campus.<\/li>\n<li>Estancia nocturna en un hotel cerca del campus de la monta\u00f1a de NAU (AZ GEAR UP puede ayudar a organizar el transporte).<\/li>\n<li>Conexi\u00f3n con estudiantes y personal de NAU.<\/li>\n<li>La oportunidad de dirigirte a m\u00e1s de 200 educadores.<\/li>\n<\/ul>\n<p>Para ser seleccionado para participar, sigue estos dos sencillos pasos.<\/p>\n<p><strong>Paso 1:<\/strong> Crea un video de dos minutos en el que respondas una o m\u00e1s de las siguientes preguntas. (\u00a1Tambi\u00e9n puedes incluir a tus padres en el video! Pueden compartir sus experiencias en su idioma principal, incluso si no es el ingl\u00e9s).<\/p>\n<ol>\n<li>Reflexionando sobre tus experiencias y antecedentes personales, \u00bfqu\u00e9 consejos o ideas te gustar\u00eda compartir con los educadores para ayudarles a comprender los desaf\u00edos y oportunidades \u00fanicas a los que te enfrentas al perseguir tus metas postsecundarias? \u00bfC\u00f3mo pueden apoyarte mejor a ti y a tus compa\u00f1eros?<\/li>\n<li>Piensa en los educadores que han tenido un impacto significativo en tu camino hacia la universidad. \u00bfPuedes compartir ejemplos espec\u00edficos de lo que estos educadores han hecho o ense\u00f1ado que te ha motivado e inspirado a perseguir la educaci\u00f3n m\u00e1s all\u00e1 de la escuela secundaria? Comparte actividades espec\u00edficas de GEAR UP que hayan influido en tus aspiraciones y compromiso con tus metas postsecundarias.<\/li>\n<li>\u00bfCu\u00e1les son los mayores motivadores que te impulsan a buscar una educaci\u00f3n universitaria? \u00bfEs el deseo de crecimiento personal, oportunidades profesionales, tener un impacto positivo, cumplir tus pasiones o algo completamente diferente? Comparte los factores clave que alimentan tu motivaci\u00f3n para perseguir la universidad y c\u00f3mo contribuyen a tus aspiraciones y metas generales.<\/li>\n<\/ol>\n<p>Sube el video a YouTube como &#8220;no listado&#8221;. Haz clic <a href=\"https:\/\/www.youtube.com\/watch?v=8aBlrlKH-ks\" target=\"_blank\" rel=\"noopener noreferrer\">aqu\u00ed<\/a> para ver un video sobre c\u00f3mo subir un video como no listado.<\/p>\n<p><strong>Paso 2:<\/strong> Completa este formulario. <em>Deber\u00e1s incluir el enlace a tu video del Paso 1.<\/em><\/p>\n<!-- shortcode-button -->\n<div class=\"shortcode-button shortcode-button--center\">\n      <a class=\"main-button\" href=\"https:\/\/in.nau.edu\/gear-up\/azgu-family-college-visit-application-form-spanish\/\">aplicar<\/a>\n  <\/div>\n\n<p><strong>Env\u00eda tu solicitud antes del 11 de septiembre de 2023. Contacta con <a href=\"mailto:gear.up@nau.edu\">gear.up@nau.edu<\/a> o al 602-728-9522 si tienes alguna pregunta.<\/strong><\/p>\n<p>&nbsp;<\/p>\n","protected":false},"excerpt":{"rendered":"<p>Solicitud para el tour de la universidad para familias de Arizona GEAR UP Would you like to see this page in English? Click here. \u00a1Comparte tu historia de GEAR UP con nosotros! Buscamos estudiantes interesados en compartir sus aspiraciones universitarias y su experiencia con los educadores de GEAR UP de Arizona. \u00danete a nosotros en [&hellip;]<\/p>\n","protected":false},"author":555,"featured_media":0,"parent":0,"menu_order":0,"comment_status":"closed","ping_status":"closed","template":"","meta":{"_relevanssi_hide_post":"","_relevanssi_hide_content":"","_relevanssi_pin_for_all":"","_relevanssi_pin_keywords":"","_relevanssi_unpin_keywords":"","_relevanssi_related_keywords":"","_relevanssi_related_include_ids":"","_relevanssi_related_exclude_ids":"","_relevanssi_related_no_append":"","_relevanssi_related_not_related":"","_relevanssi_related_posts":"","_relevanssi_noindex_reason":"","_oasis_is_in_workflow":0,"_oasis_original":0,"_oasis_task_priority":"","ring_central_script_selection":"","footnotes":""},"class_list":["post-4103","page","type-page","status-publish","hentry"],"_links":{"self":[{"href":"https:\/\/in.nau.edu\/gear-up\/wp-json\/wp\/v2\/pages\/4103","targetHints":{"allow":["GET"]}}],"collection":[{"href":"https:\/\/in.nau.edu\/gear-up\/wp-json\/wp\/v2\/pages"}],"about":[{"href":"https:\/\/in.nau.edu\/gear-up\/wp-json\/wp\/v2\/types\/page"}],"author":[{"embeddable":true,"href":"https:\/\/in.nau.edu\/gear-up\/wp-json\/wp\/v2\/users\/555"}],"replies":[{"embeddable":true,"href":"https:\/\/in.nau.edu\/gear-up\/wp-json\/wp\/v2\/comments?post=4103"}],"version-history":[{"count":0,"href":"https:\/\/in.nau.edu\/gear-up\/wp-json\/wp\/v2\/pages\/4103\/revisions"}],"wp:attachment":[{"href":"https:\/\/in.nau.edu\/gear-up\/wp-json\/wp\/v2\/media?parent=4103"}],"curies":[{"name":"wp","href":"https:\/\/api.w.org\/{rel}","templated":true}]}}