{"id":3347,"date":"2022-03-25T14:31:18","date_gmt":"2022-03-25T21:31:18","guid":{"rendered":"https:\/\/in.nau.edu\/gear-up\/?page_id=3347"},"modified":"2022-04-07T13:47:11","modified_gmt":"2022-04-07T20:47:11","slug":"senior-launch-guide-orientation-video","status":"publish","type":"page","link":"https:\/\/in.nau.edu\/gear-up\/senior-launch-guide-video-series-videos\/senior-launch-guide-orientation-video\/","title":{"rendered":"Senior Launch Guide Orientation Video"},"content":{"rendered":"<h1>Senior Launch Guide Orientation Video<\/h1>\n<p>Welcome to the first video in our <a href=\"https:\/\/in.nau.edu\/gear-up\/senior-launch-guide-video-series-videos\/\" target=\"_blank\" rel=\"noopener noreferrer\">Senior Launch Guide Video Series<\/a>. The Senior Launch Guide Orientation Video is your first step in launching into Senior Year. In this video, you will learn the basics, and how to get the most out of your new guide.<\/p>\n<p>Bienvenido al primer video de la serie que acompa\u00f1a el Senior Launch Guide. El video de Orientaci\u00f3n del Senior Launch Guide es tu primer paso para empezar tu \u00faltimo a\u00f1o de high school. En este video, aprender\u00e1s lo b\u00e1sico y como usar tu nueva gu\u00eda.<\/p>\n<p><iframe title=\"Senior Launch Guide Orientation Video\" width=\"500\" height=\"281\" src=\"https:\/\/www.youtube.com\/embed\/oAedUcCyoRo?feature=oembed\" frameborder=\"0\" allow=\"accelerometer; autoplay; clipboard-write; encrypted-media; gyroscope; picture-in-picture; web-share\" referrerpolicy=\"strict-origin-when-cross-origin\" allowfullscreen><\/iframe><\/p>\n<p>For more videos on the Senior Launch Guide, visit our <a href=\"https:\/\/in.nau.edu\/gear-up\/senior-launch-guide-video-series-videos\/\">Senior Launch Guide Video Series Page<\/a>.<\/p>\n<p>Para ver m\u00e1s videos del Senior Launch Guide, visita nuestra <a href=\"https:\/\/in.nau.edu\/gear-up\/senior-launch-guide-video-series-videos\/\" target=\"_blank\" rel=\"noopener noreferrer\">p\u00e1gina que contiene la serie de videos completa<\/a>.<\/p>\n<h4>V\u00eddeo en espa\u00f1ol<\/h4>\n<p><iframe title=\"Senior Launch Guide Orientation Spanish\" width=\"500\" height=\"281\" src=\"https:\/\/www.youtube.com\/embed\/miXtU7Kfii4?feature=oembed\" frameborder=\"0\" allow=\"accelerometer; autoplay; clipboard-write; encrypted-media; gyroscope; picture-in-picture; web-share\" referrerpolicy=\"strict-origin-when-cross-origin\" allowfullscreen><\/iframe><\/p>\n","protected":false},"excerpt":{"rendered":"<p>Senior Launch Guide Orientation Video Welcome to the first video in our Senior Launch Guide Video Series. The Senior Launch Guide Orientation Video is your first step in launching into Senior Year. In this video, you will learn the basics, and how to get the most out of your new guide. Bienvenido al primer video [&hellip;]<\/p>\n","protected":false},"author":555,"featured_media":0,"parent":2937,"menu_order":0,"comment_status":"closed","ping_status":"closed","template":"","meta":{"_relevanssi_hide_post":"","_relevanssi_hide_content":"","_relevanssi_pin_for_all":"","_relevanssi_pin_keywords":"","_relevanssi_unpin_keywords":"","_relevanssi_related_keywords":"","_relevanssi_related_include_ids":"","_relevanssi_related_exclude_ids":"","_relevanssi_related_no_append":"","_relevanssi_related_not_related":"","_relevanssi_related_posts":"","_relevanssi_noindex_reason":"","_oasis_is_in_workflow":0,"_oasis_original":0,"_oasis_task_priority":"","ring_central_script_selection":"","footnotes":""},"class_list":["post-3347","page","type-page","status-publish","hentry"],"_links":{"self":[{"href":"https:\/\/in.nau.edu\/gear-up\/wp-json\/wp\/v2\/pages\/3347","targetHints":{"allow":["GET"]}}],"collection":[{"href":"https:\/\/in.nau.edu\/gear-up\/wp-json\/wp\/v2\/pages"}],"about":[{"href":"https:\/\/in.nau.edu\/gear-up\/wp-json\/wp\/v2\/types\/page"}],"author":[{"embeddable":true,"href":"https:\/\/in.nau.edu\/gear-up\/wp-json\/wp\/v2\/users\/555"}],"replies":[{"embeddable":true,"href":"https:\/\/in.nau.edu\/gear-up\/wp-json\/wp\/v2\/comments?post=3347"}],"version-history":[{"count":0,"href":"https:\/\/in.nau.edu\/gear-up\/wp-json\/wp\/v2\/pages\/3347\/revisions"}],"up":[{"embeddable":true,"href":"https:\/\/in.nau.edu\/gear-up\/wp-json\/wp\/v2\/pages\/2937"}],"wp:attachment":[{"href":"https:\/\/in.nau.edu\/gear-up\/wp-json\/wp\/v2\/media?parent=3347"}],"curies":[{"name":"wp","href":"https:\/\/api.w.org\/{rel}","templated":true}]}}