{"id":2426,"date":"2021-02-18T13:54:51","date_gmt":"2021-02-18T20:54:51","guid":{"rendered":"https:\/\/in.nau.edu\/gear-up\/?page_id=2426"},"modified":"2021-02-18T14:11:44","modified_gmt":"2021-02-18T21:11:44","slug":"parent-guide-spanish","status":"publish","type":"page","link":"https:\/\/in.nau.edu\/gear-up\/parent-guide-spanish\/","title":{"rendered":"Parent Guide Spanish"},"content":{"rendered":"<h1>Parent Guide Spanish<\/h1>\n<script type=\"text\/javascript\">\n\/* <![CDATA[ *\/\nvar gform;gform||(document.addEventListener(\"gform_main_scripts_loaded\",function(){gform.scriptsLoaded=!0}),document.addEventListener(\"gform\/theme\/scripts_loaded\",function(){gform.themeScriptsLoaded=!0}),window.addEventListener(\"DOMContentLoaded\",function(){gform.domLoaded=!0}),gform={domLoaded:!1,scriptsLoaded:!1,themeScriptsLoaded:!1,isFormEditor:()=>\"function\"==typeof InitializeEditor,callIfLoaded:function(o){return!(!gform.domLoaded||!gform.scriptsLoaded||!gform.themeScriptsLoaded&&!gform.isFormEditor()||(gform.isFormEditor()&&console.warn(\"The use of gform.initializeOnLoaded() is deprecated in the form editor context and will be removed in Gravity Forms 3.1.\"),o(),0))},initializeOnLoaded:function(o){gform.callIfLoaded(o)||(document.addEventListener(\"gform_main_scripts_loaded\",()=>{gform.scriptsLoaded=!0,gform.callIfLoaded(o)}),document.addEventListener(\"gform\/theme\/scripts_loaded\",()=>{gform.themeScriptsLoaded=!0,gform.callIfLoaded(o)}),window.addEventListener(\"DOMContentLoaded\",()=>{gform.domLoaded=!0,gform.callIfLoaded(o)}))},hooks:{action:{},filter:{}},addAction:function(o,r,e,t){gform.addHook(\"action\",o,r,e,t)},addFilter:function(o,r,e,t){gform.addHook(\"filter\",o,r,e,t)},doAction:function(o){gform.doHook(\"action\",o,arguments)},applyFilters:function(o){return gform.doHook(\"filter\",o,arguments)},removeAction:function(o,r){gform.removeHook(\"action\",o,r)},removeFilter:function(o,r,e){gform.removeHook(\"filter\",o,r,e)},addHook:function(o,r,e,t,n){null==gform.hooks[o][r]&&(gform.hooks[o][r]=[]);var d=gform.hooks[o][r];null==n&&(n=r+\"_\"+d.length),gform.hooks[o][r].push({tag:n,callable:e,priority:t=null==t?10:t})},doHook:function(r,o,e){var t;if(e=Array.prototype.slice.call(e,1),null!=gform.hooks[r][o]&&((o=gform.hooks[r][o]).sort(function(o,r){return o.priority-r.priority}),o.forEach(function(o){\"function\"!=typeof(t=o.callable)&&(t=window[t]),\"action\"==r?t.apply(null,e):e[0]=t.apply(null,e)})),\"filter\"==r)return e[0]},removeHook:function(o,r,t,n){var e;null!=gform.hooks[o][r]&&(e=(e=gform.hooks[o][r]).filter(function(o,r,e){return!!(null!=n&&n!=o.tag||null!=t&&t!=o.priority)}),gform.hooks[o][r]=e)}});\n\/* ]]> *\/\n<\/script>\n\n                <div class='gf_browser_gecko gform_wrapper gform_legacy_markup_wrapper gform-theme--no-framework {_wrapper background-color:_wrapper #eee;_wrapper padding:_wrapper 20px_wrapper 15px;_wrapper border:_wrapper 3px_wrapper solid_wrapper #666;_wrapper }_wrapper' data-form-theme='legacy' data-form-index='0' id='gform_wrapper_25' style='display:none'>\n                        <div class='gform_heading'>\n                            <p class='gform_description'><p><\/p><\/p>\n                        <\/div><form method='post' enctype='multipart\/form-data'  id='gform_25' class='{ background-color: #eee; padding: 20px 15px; border: 3px solid #666; }' action='\/gear-up\/wp-json\/wp\/v2\/pages\/2426' data-formid='25' novalidate><div class='gf_invisible ginput_recaptchav3' data-sitekey='6LdbsIYUAAAAAJSP1qtFy3Dr0eT0dgwBPehCewFo' data-tabindex='0'><input id=\"input_32087748a4ef64e63ae7b84b59463866\" class=\"gfield_recaptcha_response\" type=\"hidden\" name=\"input_32087748a4ef64e63ae7b84b59463866\" value=\"\"\/><\/div>\n                        <div class='gform-body gform_body'><ul id='gform_fields_25' class='gform_fields top_label form_sublabel_above description_above validation_below'><li id=\"field_25_2\" class=\"gfield gfield--type-name gfield_contains_required field_sublabel_above gfield--no-description field_description_above field_validation_below gfield_visibility_visible\"  ><label class='gfield_label gform-field-label gfield_label_before_complex' >Nombre (Name):<span class=\"gfield_required\"><span class=\"gfield_required gfield_required_asterisk\">*<\/span><\/span><\/label><div class='ginput_complex ginput_container ginput_container--name no_prefix has_first_name no_middle_name has_last_name no_suffix gf_name_has_2 ginput_container_name gform-grid-row' id='input_25_2'>\n                            \n                            <span id='input_25_2_3_container' class='name_first gform-grid-col gform-grid-col--size-auto' >\n                                                    <label for='input_25_2_3' class='gform-field-label gform-field-label--type-sub '>Primer nombre (First)<\/label>\n                                                    <input type='text' name='input_2.3' id='input_25_2_3' value=''   aria-required='true'     \/>\n                                                <\/span>\n                            \n                            <span id='input_25_2_6_container' class='name_last gform-grid-col gform-grid-col--size-auto' >\n                                                            <label for='input_25_2_6' class='gform-field-label gform-field-label--type-sub '>Apellido (Last)<\/label>\n                                                            <input type='text' name='input_2.6' id='input_25_2_6' value=''   aria-required='true'     \/>\n                                                        <\/span>\n                            \n                        <\/div><\/li><li id=\"field_25_3\" class=\"gfield gfield--type-radio gfield--type-choice gfield_contains_required field_sublabel_above gfield--no-description field_description_above field_validation_below gfield_visibility_visible\"  ><label class='gfield_label gform-field-label' >Soy (I am):<span class=\"gfield_required\"><span class=\"gfield_required gfield_required_asterisk\">*<\/span><\/span><\/label><div class='ginput_container ginput_container_radio'><ul class='gfield_radio' id='input_25_3'>\n\t\t\t<li class='gchoice gchoice_25_3_0'>\n\t\t\t\t<input name='input_3' type='radio' value='Educador (Educator)'  id='choice_25_3_0'    \/>\n\t\t\t\t<label for='choice_25_3_0' id='label_25_3_0' class='gform-field-label gform-field-label--type-inline'>Educador (Educator)<\/label>\n\t\t\t<\/li>\n\t\t\t<li class='gchoice gchoice_25_3_1'>\n\t\t\t\t<input name='input_3' type='radio' value='Estudiante (Student)'  id='choice_25_3_1'    \/>\n\t\t\t\t<label for='choice_25_3_1' id='label_25_3_1' class='gform-field-label gform-field-label--type-inline'>Estudiante (Student)<\/label>\n\t\t\t<\/li>\n\t\t\t<li class='gchoice gchoice_25_3_2'>\n\t\t\t\t<input name='input_3' type='radio' value='Padre de familia (Parent)'  id='choice_25_3_2'    \/>\n\t\t\t\t<label for='choice_25_3_2' id='label_25_3_2' class='gform-field-label gform-field-label--type-inline'>Padre de familia (Parent)<\/label>\n\t\t\t<\/li>\n\t\t\t<li class='gchoice gchoice_25_3_3'>\n\t\t\t\t<input name='input_3' type='radio' value='gf_other_choice'  id='choice_25_3_3'   onfocus=\"jQuery(this).next('input').focus();\" \/>\n\t\t\t\t<input class='small' id='input_25_3_other' name='input_3_other' type='text' value='Other' aria-label='Other' onfocus='jQuery(this).prev(\"input\")[0].click(); if(jQuery(this).val() == \"Other\") { jQuery(this).val(\"\"); }' onblur='if(jQuery(this).val().replace(\" \", \"\") == \"\") { jQuery(this).val(\"Other\"); }'   \/>\n\t\t\t<\/li><\/ul><\/div><\/li><li id=\"field_25_21\" class=\"gfield gfield--type-select field_sublabel_above gfield--no-description field_description_above field_validation_below gfield_visibility_visible\"  ><label class='gfield_label gform-field-label' for='input_25_21'>\u00bfCu\u00e1les son los planes del estudiante despu\u00e9s de que se grad\u00fae de high school?<\/label><div class='ginput_container ginput_container_select'><select name='input_21' id='input_25_21' class='medium gfield_select'     aria-invalid=\"false\" ><option value='Universidad' >Universidad<\/option><option value='Colegio Comunitario\/Transferencia' >Colegio Comunitario\/Transferencia<\/option><option value='Instituto T\u00e9cnico' >Instituto T\u00e9cnico<\/option><option value='Servicio Militar' >Servicio Militar<\/option><option value='Fuerza Laboral\/ Programa de aprendizaje' >Fuerza Laboral\/ Programa de aprendizaje<\/option><\/select><\/div><\/li><li id=\"field_25_22\" class=\"gfield gfield--type-text field_sublabel_above gfield--no-description field_description_above field_validation_below gfield_visibility_visible\"  ><label class='gfield_label gform-field-label' for='input_25_22'>El mes y d\u00eda de tu nacimiento (mm\/yyyy):<\/label><div class='ginput_container ginput_container_text'><input name='input_22' id='input_25_22' type='text' value='' class='medium'      aria-invalid=\"false\"   \/><\/div><\/li><li id=\"field_25_4\" class=\"gfield gfield--type-text gfield_contains_required field_sublabel_above gfield--no-description field_description_above field_validation_below gfield_visibility_visible\"  ><label class='gfield_label gform-field-label' for='input_25_4'>Estoy asociado con esta escuela o distrito (I am associated with the following school or district):<span class=\"gfield_required\"><span class=\"gfield_required gfield_required_asterisk\">*<\/span><\/span><\/label><div class='ginput_container ginput_container_text'><input name='input_4' id='input_25_4' type='text' value='' class='medium'     aria-required=\"true\" aria-invalid=\"false\"   \/><\/div><\/li><li id=\"field_25_12\" class=\"gfield gfield--type-email gfield_contains_required field_sublabel_above gfield--no-description field_description_above field_validation_below gfield_visibility_visible\"  ><label class='gfield_label gform-field-label' for='input_25_12'>Correo electr\u00f3nico (Email address):<span class=\"gfield_required\"><span class=\"gfield_required gfield_required_asterisk\">*<\/span><\/span><\/label><div class='ginput_container ginput_container_email'>\n                            <input name='input_12' id='input_25_12' type='email' value='' class='medium'    aria-required=\"true\" aria-invalid=\"false\"  \/>\n                        <\/div><\/li><li id=\"field_25_23\" class=\"gfield gfield--type-radio gfield--type-choice gfield--width-full gfield_contains_required field_sublabel_above gfield--no-description field_description_above field_validation_below gfield_visibility_visible\"  ><label class='gfield_label gform-field-label' >\u00bfComo se enter\u00f3 de este Guia\/recurso?<span class=\"gfield_required\"><span class=\"gfield_required gfield_required_asterisk\">*<\/span><\/span><\/label><div class='ginput_container ginput_container_radio'><ul class='gfield_radio' id='input_25_23'>\n\t\t\t<li class='gchoice gchoice_25_23_0'>\n\t\t\t\t<input name='input_23' type='radio' value='Consejero, educador o sitio web escuela de mi hijo\/a'  id='choice_25_23_0'    \/>\n\t\t\t\t<label for='choice_25_23_0' id='label_25_23_0' class='gform-field-label gform-field-label--type-inline'>Consejero, educador o sitio web escuela de mi hijo\/a<\/label>\n\t\t\t<\/li>\n\t\t\t<li class='gchoice gchoice_25_23_1'>\n\t\t\t\t<input name='input_23' type='radio' value='Arizona Board of Regents'  id='choice_25_23_1'    \/>\n\t\t\t\t<label for='choice_25_23_1' id='label_25_23_1' class='gform-field-label gform-field-label--type-inline'>Arizona Board of Regents<\/label>\n\t\t\t<\/li>\n\t\t\t<li class='gchoice gchoice_25_23_2'>\n\t\t\t\t<input name='input_23' type='radio' value='Education Forward Arizona\/AzCAN'  id='choice_25_23_2'    \/>\n\t\t\t\t<label for='choice_25_23_2' id='label_25_23_2' class='gform-field-label gform-field-label--type-inline'>Education Forward Arizona\/AzCAN<\/label>\n\t\t\t<\/li>\n\t\t\t<li class='gchoice gchoice_25_23_3'>\n\t\t\t\t<input name='input_23' type='radio' value='Ask Benji'  id='choice_25_23_3'    \/>\n\t\t\t\t<label for='choice_25_23_3' id='label_25_23_3' class='gform-field-label gform-field-label--type-inline'>Ask Benji<\/label>\n\t\t\t<\/li>\n\t\t\t<li class='gchoice gchoice_25_23_4'>\n\t\t\t\t<input name='input_23' type='radio' value='Presentaci\u00f3n o reunion con el programa AZ GEAR UP'  id='choice_25_23_4'    \/>\n\t\t\t\t<label for='choice_25_23_4' id='label_25_23_4' class='gform-field-label gform-field-label--type-inline'>Presentaci\u00f3n o reunion con el programa AZ GEAR UP<\/label>\n\t\t\t<\/li>\n\t\t\t<li class='gchoice gchoice_25_23_5'>\n\t\t\t\t<input name='input_23' type='radio' value='gf_other_choice'  id='choice_25_23_5'   onfocus=\"jQuery(this).next('input').focus();\" \/>\n\t\t\t\t<input class='small' id='input_25_23_other' name='input_23_other' type='text' value='Other' aria-label='Other' onfocus='jQuery(this).prev(\"input\")[0].click(); if(jQuery(this).val() == \"Other\") { jQuery(this).val(\"\"); }' onblur='if(jQuery(this).val().replace(\" \", \"\") == \"\") { jQuery(this).val(\"Other\"); }'   \/>\n\t\t\t<\/li><\/ul><\/div><\/li><li id=\"field_25_20\" class=\"gfield gfield--type-checkbox gfield--type-choice gfield_contains_required field_sublabel_above gfield--has-description field_description_above field_validation_below gfield_visibility_visible\"  ><label class='gfield_label gform-field-label gfield_label_before_complex' >Para descargar la Gu\u00eda - Parent Guide, necesitar\u00e1 leer y aceptar los T\u00e9rminos y Condiciones de Usuarios de la Gu\u00eda Emprende. Si necesita los T\u00e9rminos y Condiciones en espa\u00f1ol, favor de contactar a GearUp.MiddleSchool@nau.edu<span class=\"gfield_required\"><span class=\"gfield_required gfield_required_asterisk\">*<\/span><\/span><\/label><div class='gfield_description' id='gfield_description_25_20'>In order to download the Parent Guide, you will need to read and agree to the Terms and Conditions for Parent Guide User. If you need the Terms and Conditions in Spanish, please contact GearUp.MiddleSchool@nau.edu.<\/div><div class='ginput_container ginput_container_checkbox'><ul class='gfield_checkbox' id='input_25_20'><li class='gchoice gchoice_25_20_1'>\n\t\t\t\t\t\t\t\t<input class='gfield-choice-input' name='input_20.1' type='checkbox'  value='&lt;p&gt;He le\u00eddo y acepto los  &lt;a&gt; T\u00e9rminos y Condiciones&lt;\/a&gt;&lt;\/p&gt; I have read and agree to the &lt;a&gt; Terms and Conditions&lt;\/a&gt;'  id='choice_25_20_1'   aria-describedby=\"gfield_description_25_20\"\/>\n\t\t\t\t\t\t\t\t<label for='choice_25_20_1' id='label_25_20_1' class='gform-field-label gform-field-label--type-inline'><p>He le\u00eddo y acepto los  <a> T\u00e9rminos y Condiciones<\/a><\/p> I have read and agree to the <a> Terms and Conditions<\/a><\/label>\n\t\t\t\t\t\t\t<\/li><\/ul><\/div><\/li><\/ul><\/div>\n        <div class='gform-footer gform_footer top_label'> <input type='submit' id='gform_submit_button_25' class='gform_button button' onclick='gform.submission.handleButtonClick(this);' data-submission-type='submit' value='Submit'  \/> \n            <input type='hidden' class='gform_hidden' name='gform_submission_method' data-js='gform_submission_method_25' value='postback' \/>\n            <input type='hidden' class='gform_hidden' name='gform_theme' data-js='gform_theme_25' id='gform_theme_25' value='legacy' \/>\n            <input type='hidden' class='gform_hidden' name='gform_style_settings' data-js='gform_style_settings_25' id='gform_style_settings_25' value='[]' \/>\n            <input type='hidden' class='gform_hidden' name='is_submit_25' value='1' \/>\n            <input type='hidden' class='gform_hidden' name='gform_submit' value='25' \/>\n            \n            <input type='hidden' class='gform_hidden' name='gform_currency' data-currency='USD' value='YNL3rDMmKp9yc6yUK47wEaup9oEjokMg2TK7\/KqDn265Dj5yhhTUcN1pkMDsMUFGw9Hbsw1elNwcRlroHQqVp6NUg7VTuKCM+\/IGgM6TYJUkXns=' \/>\n            <input type='hidden' class='gform_hidden' name='gform_unique_id' value='' \/>\n            <input type='hidden' class='gform_hidden' name='state_25' value='WyJ7XCIyM1wiOltcImI4YzRhNjZkZDQxNGY1NzlkMzJhNmZjYTYzMmNmODUzXCIsXCIzYTc0ODI1NDc2Mzk0NTAzMjRlNmZjZmMxYmY0NWM3MFwiLFwiZWNlM2U4YzUzMTc1MTgxZWMxNGZiODU1NWFjYzk5OTBcIixcImUwNzQ1NWMwOWRhMTQyZDNlZTJmYjMxYWNmZmEzMjUwXCIsXCJmYjljN2JjNzkzZmUwM2EyOTQ3ZTk3MWVkNmU0ZTQ3OVwiXX0iLCI0Y2MyY2QwY2Y3NTA2ZmJlNjM3NzNiOTI4ZDFmMzQwMSJd' \/>\n            <input type='hidden' autocomplete='off' class='gform_hidden' name='gform_target_page_number_25' id='gform_target_page_number_25' value='0' \/>\n            <input type='hidden' autocomplete='off' class='gform_hidden' name='gform_source_page_number_25' id='gform_source_page_number_25' value='1' \/>\n            <input type='hidden' name='gform_field_values' value='' \/>\n            \n        <\/div>\n                        <\/form>\n                        <\/div><script type=\"text\/javascript\">\n\/* <![CDATA[ *\/\n gform.initializeOnLoaded( function() {gformInitSpinner( 25, 'https:\/\/in.nau.edu\/wp-content\/plugins\/gravityforms\/images\/spinner.svg', true );jQuery('#gform_ajax_frame_25').on('load',function(){var contents = jQuery(this).contents().find('*').html();var is_postback = contents.indexOf('GF_AJAX_POSTBACK') >= 0;if(!is_postback){return;}var form_content = jQuery(this).contents().find('#gform_wrapper_25');var is_confirmation = jQuery(this).contents().find('#gform_confirmation_wrapper_25').length > 0;var is_redirect = contents.indexOf('gformRedirect(){') >= 0;var is_form = form_content.length > 0 && ! is_redirect && ! is_confirmation;var mt = parseInt(jQuery('html').css('margin-top'), 10) + parseInt(jQuery('body').css('margin-top'), 10) + 100;if(is_form){form_content.find('form').css('opacity', 0);jQuery('#gform_wrapper_25').html(form_content.html());if(form_content.hasClass('gform_validation_error')){jQuery('#gform_wrapper_25').addClass('gform_validation_error');} else {jQuery('#gform_wrapper_25').removeClass('gform_validation_error');}setTimeout( function() { \/* delay the scroll by 50 milliseconds to fix a bug in chrome *\/  }, 50 );if(window['gformInitDatepicker']) {gformInitDatepicker();}if(window['gformInitPriceFields']) {gformInitPriceFields();}var current_page = jQuery('#gform_source_page_number_25').val();gformInitSpinner( 25, 'https:\/\/in.nau.edu\/wp-content\/plugins\/gravityforms\/images\/spinner.svg', true );jQuery(document).trigger('gform_page_loaded', [25, current_page]);window['gf_submitting_25'] = false;}else if(!is_redirect){var confirmation_content = jQuery(this).contents().find('.GF_AJAX_POSTBACK').html();if(!confirmation_content){confirmation_content = contents;}jQuery('#gform_wrapper_25').replaceWith(confirmation_content);jQuery(document).trigger('gform_confirmation_loaded', [25]);window['gf_submitting_25'] = false;wp.a11y.speak(jQuery('#gform_confirmation_message_25').text());}else{jQuery('#gform_25').append(contents);if(window['gformRedirect']) {gformRedirect();}}jQuery(document).trigger(\"gform_pre_post_render\", [{ formId: \"25\", currentPage: \"current_page\", abort: function() { this.preventDefault(); } }]);        if (event && event.defaultPrevented) {                return;        }        const gformWrapperDiv = document.getElementById( \"gform_wrapper_25\" );        if ( gformWrapperDiv ) {            const visibilitySpan = document.createElement( \"span\" );            visibilitySpan.id = \"gform_visibility_test_25\";            gformWrapperDiv.insertAdjacentElement( \"afterend\", visibilitySpan );        }        const visibilityTestDiv = document.getElementById( \"gform_visibility_test_25\" );        let postRenderFired = false;        function triggerPostRender() {            if ( postRenderFired ) {                return;            }            postRenderFired = true;            gform.core.triggerPostRenderEvents( 25, current_page );            if ( visibilityTestDiv ) {                visibilityTestDiv.parentNode.removeChild( visibilityTestDiv );            }        }        function debounce( func, wait, immediate ) {            var timeout;            return function() {                var context = this, args = arguments;                var later = function() {                    timeout = null;                    if ( !immediate ) func.apply( context, args );                };                var callNow = immediate && !timeout;                clearTimeout( timeout );                timeout = setTimeout( later, wait );                if ( callNow ) func.apply( context, args );            };        }        const debouncedTriggerPostRender = debounce( function() {            triggerPostRender();        }, 200 );        if ( visibilityTestDiv && visibilityTestDiv.offsetParent === null ) {            const observer = new MutationObserver( ( mutations ) => {                mutations.forEach( ( mutation ) => {                    if ( mutation.type === 'attributes' && visibilityTestDiv.offsetParent !== null ) {                        debouncedTriggerPostRender();                        observer.disconnect();                    }                });            });            observer.observe( document.body, {                attributes: true,                childList: false,                subtree: true,                attributeFilter: [ 'style', 'class' ],            });        } else {            triggerPostRender();        }    } );} ); \n\/* ]]> *\/\n<\/script>\n\n","protected":false},"excerpt":{"rendered":"<p>Parent Guide Spanish<\/p>\n","protected":false},"author":555,"featured_media":0,"parent":0,"menu_order":0,"comment_status":"closed","ping_status":"closed","template":"","meta":{"_relevanssi_hide_post":"","_relevanssi_hide_content":"","_relevanssi_pin_for_all":"","_relevanssi_pin_keywords":"","_relevanssi_unpin_keywords":"","_relevanssi_related_keywords":"","_relevanssi_related_include_ids":"","_relevanssi_related_exclude_ids":"","_relevanssi_related_no_append":"","_relevanssi_related_not_related":"","_relevanssi_related_posts":"","_relevanssi_noindex_reason":"","_oasis_is_in_workflow":0,"_oasis_original":0,"_oasis_task_priority":"","ring_central_script_selection":"","footnotes":""},"class_list":["post-2426","page","type-page","status-publish","hentry"],"_links":{"self":[{"href":"https:\/\/in.nau.edu\/gear-up\/wp-json\/wp\/v2\/pages\/2426","targetHints":{"allow":["GET"]}}],"collection":[{"href":"https:\/\/in.nau.edu\/gear-up\/wp-json\/wp\/v2\/pages"}],"about":[{"href":"https:\/\/in.nau.edu\/gear-up\/wp-json\/wp\/v2\/types\/page"}],"author":[{"embeddable":true,"href":"https:\/\/in.nau.edu\/gear-up\/wp-json\/wp\/v2\/users\/555"}],"replies":[{"embeddable":true,"href":"https:\/\/in.nau.edu\/gear-up\/wp-json\/wp\/v2\/comments?post=2426"}],"version-history":[{"count":0,"href":"https:\/\/in.nau.edu\/gear-up\/wp-json\/wp\/v2\/pages\/2426\/revisions"}],"wp:attachment":[{"href":"https:\/\/in.nau.edu\/gear-up\/wp-json\/wp\/v2\/media?parent=2426"}],"curies":[{"name":"wp","href":"https:\/\/api.w.org\/{rel}","templated":true}]}}