{"id":63,"date":"2017-07-28T23:41:36","date_gmt":"2017-07-28T23:41:36","guid":{"rendered":"https:\/\/nau.edu\/ed-specialties\/?page_id=63"},"modified":"2019-08-07T11:34:08","modified_gmt":"2019-08-07T18:34:08","slug":"dine-program-participants","status":"publish","type":"page","link":"https:\/\/in.nau.edu\/department-educational-specialties\/dine-project\/dine-program-participants\/","title":{"rendered":"Din\u00e9 Program Participants"},"content":{"rendered":"<h1>Din\u00e9 Program participants<\/h1>\n<h2>NAU&#8217;s program for Din\u00e9 language speakers<\/h2>\n<p>The Din\u00e9 Dual Language Teachers Professional Development Project works with teachers with proficiency in the Din\u00e9 language and high academic achievement to meet licensing requirements for teachers who work in dual language immersion programs.<\/p>\n<h3>Consortia partners<\/h3>\n<ul>\n<li>The Navajo Nation<\/li>\n<li>Chinle Unified School District<\/li>\n<li>Ganado Unified School District<\/li>\n<li>Tuba City Unified School District<\/li>\n<li>Kayenta Unified School District<\/li>\n<li>Window Rock Unified School District<\/li>\n<li>Rock Point Community School<\/li>\n<li>Flagstaff Unified School District<\/li>\n<li>Little Singer Community School<\/li>\n<\/ul>\n<h3>Project description<\/h3>\n<p>The project provides coursework leading to a <a href=\"https:\/\/in.nau.edu\/department-educational-specialties\/med-bme\/\">Masters\u2019 degree in Bilingual Multicultural Education<\/a> with a content emphasis in Bilingual Education, and endorsements in <a href=\"https:\/\/in.nau.edu\/department-educational-specialties\/bilingual-endorsement\/\">Bilingual Education<\/a> and <a href=\"https:\/\/in.nau.edu\/department-educational-specialties\/esl-endorsement\/\">English as a Second Language<\/a>. In-service teachers participate in courses online during the academic year. This course delivery mode allows participants to continue to live and work in their communities. In-service teachers also participate in courses and in a workshop on the Flagstaff campus for 12 days during Summer Session II.<\/p>\n<p>Science and Mathematics Workshops provided at the participating schools each fall and spring and on the mountain campus each summer support the improvement of the ability of the teachers to support academic language acquisition skills in LEP students. Classroom teachers create culturally relevant science and mathematics lessons which will improve achievement, creativity and motivation among talented bilingual students in participating districts. (Babco 2003), (Nelson-Barber, &amp; Lipka, 2008)<\/p>\n<p>Current research (Moir &amp;Hanson, 2008) in professional learning communities demonstrates that social interactions, interpersonal relations, classroom communications and technology support the success of classroom teachers. Research (see e.g. Carnegie, 1986, Holmes, 1990, Wise &amp; Darling Hammond, 1987) documents that effective preparation of good teachers includes practical experience under carefully supervised conditions in collaboration with experienced teachers. These studies show that an effective way to prepare teachers is through site-based partnerships between colleges of education and K-12 schools that allow students to immediately apply what they are learning in their college classes by working with K-12 students.<\/p>\n<!-- shortcode-right-column -->\n<div class=\"shortcode-right-column\" >\n    <div class=\"shortcode-right-column__container\">\n<!-- shortcode-contact -->\n<div class=\"shortcode-contact\">\n    <div class=\"contact-header\">\n        <h3>Contact the Din\u00e9 Project<\/h3>\n    <\/div>\n    <div class=\"contact-body\">\n                <a href=\"mailto:Louise.Lockard@nau.edu\" aria-label=\"Contact the Din\u00e9 Project: Email Address\" title=\"Email Address\">\n            <div class=\"contact-icon-container\">\n                <i class=\"fas fa-envelope\" aria-hidden=\"true\"><\/i>\n                <span class=\"sr-only\">Email:<\/span>\n            <\/div>\n            <div class=\"contact-email\">Louise.Lockard&#8203;@nau.edu<\/div>\n        <\/a>\n                        <a href=\"tel:928-523-8218\" aria-label=\"Contact the Din\u00e9 Project: Telephone Number\" title=\"Telephone Number\">\n            <div class=\"contact-icon-container\">\n                <i class=\"fas fa-phone\" aria-hidden=\"true\"><\/i>\n                <span class=\"sr-only\">Call:<\/span>\n            <\/div>\n            <div class=\"contact-phone\">928-523-8218<\/div>\n        <\/a>\n            <\/div>\n<\/div>\n\n\n<h4>Din\u00e9 Project quick links<\/h4>\n<ul>\n<li><a href=\"https:\/\/in.nau.edu\/department-educational-specialties\/dine-project\/\">Overview<\/a><\/li>\n<li><a href=\"https:\/\/in.nau.edu\/department-educational-specialties\/dine-resources\/\">Resources<\/a><\/li>\n<li><a href=\"https:\/\/in.nau.edu\/department-educational-specialties\/american-indian-education\/\">American Indian Education<\/a><\/li>\n<\/ul>\n<\/div>\n<\/div>\n\n","protected":false},"excerpt":{"rendered":"<p>Din\u00e9 Program participants NAU&#8217;s program for Din\u00e9 language speakers The Din\u00e9 Dual Language Teachers Professional Development Project works with teachers with proficiency in the Din\u00e9 language and high academic achievement to meet licensing requirements for teachers who work in dual language immersion programs. Consortia partners The Navajo Nation Chinle Unified School District Ganado Unified School [&hellip;]<\/p>\n","protected":false},"author":132,"featured_media":974,"parent":277,"menu_order":2,"comment_status":"closed","ping_status":"closed","template":"","meta":{"_relevanssi_hide_post":"","_relevanssi_hide_content":"","_relevanssi_pin_for_all":"","_relevanssi_pin_keywords":"","_relevanssi_unpin_keywords":"","_relevanssi_related_keywords":"","_relevanssi_related_include_ids":"","_relevanssi_related_exclude_ids":"","_relevanssi_related_no_append":"","_relevanssi_related_not_related":"","_relevanssi_related_posts":"","_relevanssi_noindex_reason":"","ring_central_script_selection":"","footnotes":""},"class_list":["post-63","page","type-page","status-publish","has-post-thumbnail","hentry"],"_links":{"self":[{"href":"https:\/\/in.nau.edu\/department-educational-specialties\/wp-json\/wp\/v2\/pages\/63","targetHints":{"allow":["GET"]}}],"collection":[{"href":"https:\/\/in.nau.edu\/department-educational-specialties\/wp-json\/wp\/v2\/pages"}],"about":[{"href":"https:\/\/in.nau.edu\/department-educational-specialties\/wp-json\/wp\/v2\/types\/page"}],"author":[{"embeddable":true,"href":"https:\/\/in.nau.edu\/department-educational-specialties\/wp-json\/wp\/v2\/users\/132"}],"replies":[{"embeddable":true,"href":"https:\/\/in.nau.edu\/department-educational-specialties\/wp-json\/wp\/v2\/comments?post=63"}],"version-history":[{"count":0,"href":"https:\/\/in.nau.edu\/department-educational-specialties\/wp-json\/wp\/v2\/pages\/63\/revisions"}],"up":[{"embeddable":true,"href":"https:\/\/in.nau.edu\/department-educational-specialties\/wp-json\/wp\/v2\/pages\/277"}],"wp:featuredmedia":[{"embeddable":true,"href":"https:\/\/in.nau.edu\/department-educational-specialties\/wp-json\/wp\/v2\/media\/974"}],"wp:attachment":[{"href":"https:\/\/in.nau.edu\/department-educational-specialties\/wp-json\/wp\/v2\/media?parent=63"}],"curies":[{"name":"wp","href":"https:\/\/api.w.org\/{rel}","templated":true}]}}