{"id":277,"date":"2017-07-31T20:40:05","date_gmt":"2017-07-31T20:40:05","guid":{"rendered":"https:\/\/nau.edu\/ed-specialties\/?page_id=277"},"modified":"2020-06-09T17:21:08","modified_gmt":"2020-06-10T00:21:08","slug":"dine-project","status":"publish","type":"page","link":"https:\/\/in.nau.edu\/department-educational-specialties\/dine-project\/","title":{"rendered":"Din\u00e9 Dual Language Teachers Professional Development Project"},"content":{"rendered":"<h1>Din\u00e9 Dual Language Teachers Project<\/h1>\n<h2>NAU helps teachers advance their careers with this unique opportunity<\/h2>\n<p>The Din\u00e9 Dual Language Teachers Professional Development Project works with teachers with proficiency in the Din\u00e9 language and high academic achievement to meet licensing requirements for teachers who work in language instruction education programs. The project provides coursework at Northern Arizona University leading to a Masters\u2019 degree in Bilingual Multicultural Education with a content emphasis in Bilingual Education, and an endorsement in Bilingual Education and English as a Second Language.<\/p>\n<p>Candidates will be selected on the basis of:<\/p>\n<ol>\n<li>academic proficiency: a GPA of 3.0 and completion of a B.S. or B.A. from an accredited teacher education program<\/li>\n<li>be a resident of the nominating school district<\/li>\n<li>completion of the Din\u00e9 Language (NAV 211, 212, 350, 351, 301) or Din\u00e9 Culture Content Emphasis at Din\u00e9 College or the equivalent at an accredited university<\/li>\n<\/ol>\n<p>Coursework will begin in January 2018. Blended online courses will meet on 4 Saturdays in Flagstaff during the Spring and Fall semesters. There will be 10 days of coursework on the Flagstaff mountain campus each summer in June and July. Participants will receive tuition, books and lodging during their enrollment in the project.<\/p>\n<h3>Coursework<\/h3>\n<p>Coursework for Cohort III will begin in January 2020<\/p>\n<h4><!-- shortcode-accordion -->\n<div class=\"shortcode-accordion shortcode-accordion--closed\" style=\"position: relative;\" >\n        <a class=\"shortcode-accordion__trigger\" data-header=\"Cohort I: 1\/18-12\/19_0\" href=\"#\">\n      <div class=\"shortcode-accordion__header\">\n          <h4>Cohort I: 1\/18-12\/19 <span class=\"screen-reader-text\">Accordion Closed<\/span><\/h4>\n          <span class=\"shortcode-accordion__header__arrow\"><\/span>\n      <\/div>\n    <\/a>\n    <div class=\"shortcode-accordion__body\">\n        <!DOCTYPE html PUBLIC \"-\/\/W3C\/\/DTD HTML 4.0 Transitional\/\/EN\" \"http:\/\/www.w3.org\/TR\/REC-html40\/loose.dtd\">\n<html><body>\n<ul>\n<li><strong>Sp2018&nbsp;<\/strong>BME 631, BME 637<\/li>\n<li><strong>Su2018&nbsp;<\/strong>BME 530, BME 531<\/li>\n<li><strong>F2018&nbsp;<\/strong>BME 520. BME 545<\/li>\n<li><strong>Sp2019<\/strong>&nbsp;BME 634<\/li>\n<li><strong>Su2019&nbsp;<\/strong>BME 599, EPS 596;<\/li>\n<li><strong>F2019&nbsp;<\/strong>BME 608, BME 698<\/li>\n<\/ul>\n<h4><\/h4><\/body><\/html>\n\n    <\/div>\n<\/div>\n<!-- shortcode-accordion -->\n<div class=\"shortcode-accordion shortcode-accordion--closed\" style=\"position: relative;\" >\n        <a class=\"shortcode-accordion__trigger\" data-header=\"Cohort II:\u00a0 8\/18 \u2013 12\/20_0\" href=\"#\">\n      <div class=\"shortcode-accordion__header\">\n          <h4>Cohort II:\u00a0 8\/18 \u2013 12\/20 <span class=\"screen-reader-text\">Accordion Closed<\/span><\/h4>\n          <span class=\"shortcode-accordion__header__arrow\"><\/span>\n      <\/div>\n    <\/a>\n    <div class=\"shortcode-accordion__body\">\n        <!DOCTYPE html PUBLIC \"-\/\/W3C\/\/DTD HTML 4.0 Transitional\/\/EN\" \"http:\/\/www.w3.org\/TR\/REC-html40\/loose.dtd\">\n<html><body>\n<ul>\n<li><strong>F2018<\/strong> BME 530<\/li>\n<li><strong>Sp2019<\/strong> BME 631, BME 637<\/li>\n<li><strong>SuII2019<\/strong> BME 531<\/li>\n<li><strong>F2019<\/strong> BME 520, BME 545<\/li>\n<li><strong>Sp2020<\/strong> BME 634, EPS 596<\/li>\n<li><strong>SuII2020<\/strong> BME 599<\/li>\n<li><strong>F2020<\/strong> BME 608, BME 698<\/li><\/ul><\/body><\/html>\n\n    <\/div>\n<\/div>\n<!-- shortcode-accordion -->\n<div class=\"shortcode-accordion shortcode-accordion--closed\" style=\"position: relative;\" >\n        <a class=\"shortcode-accordion__trigger\" data-header=\"Cohort III:\u00a0 1\/20- 5\/22_0\" href=\"#\">\n      <div class=\"shortcode-accordion__header\">\n          <h4>Cohort III:\u00a0 1\/20- 5\/22 <span class=\"screen-reader-text\">Accordion Closed<\/span><\/h4>\n          <span class=\"shortcode-accordion__header__arrow\"><\/span>\n      <\/div>\n    <\/a>\n    <div class=\"shortcode-accordion__body\">\n        <!DOCTYPE html PUBLIC \"-\/\/W3C\/\/DTD HTML 4.0 Transitional\/\/EN\" \"http:\/\/www.w3.org\/TR\/REC-html40\/loose.dtd\">\n<html><body>\n<ul>\n<li><strong>Sp2020<\/strong> BME 530<\/li>\n<li><strong>Su 2020<\/strong>&nbsp;BME 531<\/li>\n<li><strong>F2020<\/strong> BME 631, BME 637<\/li>\n<li><strong>Sp2021<\/strong> BME 520, BME 545<\/li>\n<li><strong>Su2021<\/strong>&nbsp;BME 599<\/li>\n<li><strong>F2021<\/strong>&nbsp;BME 634, EPS 596<\/li>\n<li><strong>Sp2022<\/strong> BME 608, BME 698<\/li><\/ul><\/body><\/html>\n\n    <\/div>\n<\/div>\n<\/li>\n<\/ul>\n<p><a href=\"https:\/\/in.nau.edu\/department-educational-specialties\/med-bme\/\">ESL and Bilingual Education &#8211; ESL, Master of Education<\/a><\/p>\n<p>&nbsp;<\/p>\n<h3>Program participants<\/h3>\n<p>The Din\u00e9 Dual Language Teachers Professional Development Project works with a consortium of public and BIE schools to prepare teachers with a proficiency in Navajo language and culture to teach in dual language programs.<\/p>\n<p>Find out more about the <a href=\"https:\/\/in.nau.edu\/department-educational-specialties\/dine-program-participants\/\">Din\u00e9 Project program participants<\/a>.<\/p>\n<h3>Resources<\/h3>\n<p>Project resources include:<\/p>\n<ul>\n<li>articles<\/li>\n<li>lesson plans<\/li>\n<li>online resources<\/li>\n<li>videos<\/li>\n<li>workshops<\/li>\n<\/ul>\n<p>Find out more about <a href=\"https:\/\/in.nau.edu\/department-educational-specialties\/dine-resources\/\">Din\u00e9 Project resources<\/a><\/p>\n<!-- shortcode-right-column -->\n<div class=\"shortcode-right-column\" >\n    <div class=\"shortcode-right-column__container\">\n<!-- shortcode-contact -->\n<div class=\"shortcode-contact\">\n    <div class=\"contact-header\">\n        <h3>Contact the Din\u00e9 Project<\/h3>\n    <\/div>\n    <div class=\"contact-body\">\n                <a href=\"mailto:Louise.Lockard@nau.edu\" aria-label=\"Contact the Din\u00e9 Project: Email Address\" title=\"Email Address\">\n            <div class=\"contact-icon-container\">\n                <i class=\"fas fa-envelope\" aria-hidden=\"true\"><\/i>\n                <span class=\"sr-only\">Email:<\/span>\n            <\/div>\n            <div class=\"contact-email\">Louise.Lockard&#8203;@nau.edu<\/div>\n        <\/a>\n                        <a href=\"tel:928-523-8218\" aria-label=\"Contact the Din\u00e9 Project: Telephone Number\" title=\"Telephone Number\">\n            <div class=\"contact-icon-container\">\n                <i class=\"fas fa-phone\" aria-hidden=\"true\"><\/i>\n                <span class=\"sr-only\">Call:<\/span>\n            <\/div>\n            <div class=\"contact-phone\">928-523-8218<\/div>\n        <\/a>\n            <\/div>\n<\/div>\n\n\n<h4>Din\u00e9 Project quick links<\/h4>\n<ul>\n<li><a href=\"https:\/\/in.nau.edu\/department-educational-specialties\/dine-program-participants\/\">Program participants<\/a><\/li>\n<li><a href=\"https:\/\/in.nau.edu\/department-educational-specialties\/dine-resources\/\">Resources<\/a><\/li>\n<li><a href=\"https:\/\/in.nau.edu\/department-educational-specialties\/american-indian-education\/\">American Indian education<\/a><\/li>\n<\/ul>\n<\/div>\n<\/div>\n\n","protected":false},"excerpt":{"rendered":"<p>Din\u00e9 Dual Language Teachers Project NAU helps teachers advance their careers with this unique opportunity The Din\u00e9 Dual Language Teachers Professional Development Project works with teachers with proficiency in the Din\u00e9 language and high academic achievement to meet licensing requirements for teachers who work in language instruction education programs. The project provides coursework at Northern [&hellip;]<\/p>\n","protected":false},"author":317,"featured_media":888,"parent":0,"menu_order":0,"comment_status":"closed","ping_status":"closed","template":"","meta":{"_relevanssi_hide_post":"","_relevanssi_hide_content":"","_relevanssi_pin_for_all":"","_relevanssi_pin_keywords":"","_relevanssi_unpin_keywords":"","_relevanssi_related_keywords":"","_relevanssi_related_include_ids":"","_relevanssi_related_exclude_ids":"","_relevanssi_related_no_append":"","_relevanssi_related_not_related":"","_relevanssi_related_posts":"","_relevanssi_noindex_reason":"","ring_central_script_selection":"","footnotes":""},"class_list":["post-277","page","type-page","status-publish","has-post-thumbnail","hentry"],"_links":{"self":[{"href":"https:\/\/in.nau.edu\/department-educational-specialties\/wp-json\/wp\/v2\/pages\/277","targetHints":{"allow":["GET"]}}],"collection":[{"href":"https:\/\/in.nau.edu\/department-educational-specialties\/wp-json\/wp\/v2\/pages"}],"about":[{"href":"https:\/\/in.nau.edu\/department-educational-specialties\/wp-json\/wp\/v2\/types\/page"}],"author":[{"embeddable":true,"href":"https:\/\/in.nau.edu\/department-educational-specialties\/wp-json\/wp\/v2\/users\/317"}],"replies":[{"embeddable":true,"href":"https:\/\/in.nau.edu\/department-educational-specialties\/wp-json\/wp\/v2\/comments?post=277"}],"version-history":[{"count":3,"href":"https:\/\/in.nau.edu\/department-educational-specialties\/wp-json\/wp\/v2\/pages\/277\/revisions"}],"predecessor-version":[{"id":3528,"href":"https:\/\/in.nau.edu\/department-educational-specialties\/wp-json\/wp\/v2\/pages\/277\/revisions\/3528"}],"wp:featuredmedia":[{"embeddable":true,"href":"https:\/\/in.nau.edu\/department-educational-specialties\/wp-json\/wp\/v2\/media\/888"}],"wp:attachment":[{"href":"https:\/\/in.nau.edu\/department-educational-specialties\/wp-json\/wp\/v2\/media?parent=277"}],"curies":[{"name":"wp","href":"https:\/\/api.w.org\/{rel}","templated":true}]}}